{"id":582,"date":"2025-03-18T15:44:50","date_gmt":"2025-03-18T15:44:50","guid":{"rendered":"https:\/\/aiquos.tech\/wearables\/"},"modified":"2025-03-22T21:01:55","modified_gmt":"2025-03-22T21:01:55","slug":"wearables","status":"publish","type":"page","link":"https:\/\/aiquos.tech\/es\/wearables\/","title":{"rendered":"Wearables"},"content":{"rendered":"\n<div class=\"slider-wrapper relative\" id=\"slider-418154079\" >\n    <div class=\"slider slider-nav-circle slider-nav-large slider-nav-light slider-style-normal\"\n        data-flickity-options='{\n            \"cellAlign\": \"center\",\n            \"imagesLoaded\": true,\n            \"lazyLoad\": 1,\n            \"freeScroll\": false,\n            \"wrapAround\": true,\n            \"autoPlay\": 6000,\n            \"pauseAutoPlayOnHover\" : true,\n            \"prevNextButtons\": true,\n            \"contain\" : true,\n            \"adaptiveHeight\" : true,\n            \"dragThreshold\" : 10,\n            \"percentPosition\": true,\n            \"pageDots\": true,\n            \"rightToLeft\": false,\n            \"draggable\": true,\n            \"selectedAttraction\": 0.1,\n            \"parallax\" : 0,\n            \"friction\": 0.6        }'\n        >\n        \n\n\n  <div class=\"banner has-hover has-parallax\" id=\"banner-1641415664\">\n          <div class=\"banner-inner fill\">\n        <div class=\"banner-bg fill\" data-parallax=\"-3\" data-parallax-container=\".banner\" data-parallax-background>\n            <img loading=\"lazy\" decoding=\"async\" width=\"650\" height=\"433\" src=\"https:\/\/aiquos.tech\/wp-content\/uploads\/2024\/12\/Frame-1.jpg\" class=\"bg attachment-original size-original\" alt=\"\" \/>                        <div class=\"overlay\"><\/div>            \n                    <\/div>\n\t\t\n        <div class=\"banner-layers container\">\n            <div class=\"fill banner-link\"><\/div>            \n\n   <div id=\"text-box-1882886240\" class=\"text-box banner-layer x95 md-x95 lg-x100 y90 md-y50 lg-y85 res-text\">\n                                <div class=\"text-box-content text dark\">\n              \n              <div class=\"text-inner text-center\">\n                  \n\n\t<div id=\"text-1358869345\" class=\"text\">\n\t\t\n\n<h2 class=\"uppercase\"><strong>Wearables<\/strong><\/h2>\n\t\t\n<style>\n#text-1358869345 {\n  text-align: right;\n}\n<\/style>\n\t<\/div>\n\t\n\n              <\/div>\n           <\/div>\n                            \n<style>\n#text-box-1882886240 {\n  width: 85%;\n}\n#text-box-1882886240 .text-box-content {\n  font-size: 100%;\n}\n@media (min-width:550px) {\n  #text-box-1882886240 {\n    width: 49%;\n  }\n}\n<\/style>\n    <\/div>\n \n\n        <\/div>\n      <\/div>\n\n            \n<style>\n#banner-1641415664 {\n  padding-top: 202px;\n}\n#banner-1641415664 .overlay {\n  background-color: rgba(0,0,0,.5);\n}\n#banner-1641415664 .banner-bg img {\n  object-position: 17% 0%;\n}\n@media (min-width:550px) {\n  #banner-1641415664 {\n    padding-top: 196px;\n  }\n}\n@media (min-width:850px) {\n  #banner-1641415664 {\n    padding-top: 444px;\n  }\n}\n<\/style>\n  <\/div>\n\n\n\n     <\/div>\n\n     <div class=\"loading-spin dark large centered\"><\/div>\n\n\t<\/div>\n\n\n\n\t<section class=\"section\" id=\"section_488014086\">\n\t\t<div class=\"section-bg fill\" >\n\t\t\t\t\t\t\t\t\t<div class=\"section-bg-overlay absolute fill\"><\/div>\n\t\t\t\n\n\t\t<\/div>\n\n\t\t\n\n\t\t<div class=\"section-content relative\">\n\t\t\t\n\n<div class=\"row\"  id=\"row-1263679072\">\n\n\n\t<div id=\"col-1749128627\" class=\"col small-12 large-12\"  >\n\t\t\t\t<div class=\"col-inner\"  >\n\t\t\t\n\t\t\t\n\n<h2><strong>Wearables<\/strong><\/h2>\n<p><em><strong>Revolucione el seguimiento personal de la salud con nuestros dispositivos port\u00e1tiles de detecci\u00f3n de biofluidos con IA integrada.<\/strong><\/em><\/p>\n\n\t\t<\/div>\n\t\t\t\t\t<\/div>\n\n\t\n\n<\/div>\n<div class=\"row row-large\"  id=\"row-317780897\">\n\n\n\t<div id=\"col-221406900\" class=\"col medium-6 small-12 large-6\"  >\n\t\t\t\t<div class=\"col-inner text-left\"  >\n\t\t\t\n\t\t\t\n\n<p>P\u00f3ngase en contacto con nosotros y comience a utilizar nuestras \u00faltimas innovaciones en tecnolog\u00eda de salud personal: monitorice la forma f\u00edsica, la fatiga y los niveles de deshidrataci\u00f3n con precisi\u00f3n neurocomputacional y en avanzado para mantenerle en su mejor forma.<\/p>\n<p>Nuestra soluci\u00f3n integral es a la vez miniaturizada y duradera, y cuenta con autonom\u00eda energ\u00e9tica para un c\u00f3modo uso en sus desplazamientos. Su funcionamiento adaptativo y su capacidad de autocalibraci\u00f3n garantizan un rendimiento \u00f3ptimo a su medida.<\/p>\n<p>Adapte f\u00e1cilmente el dispositivo a sus necesidades e incorpore nuevos par\u00e1metros personalizando sensores y algoritmos. Con nuestros algoritmos avanzados de procesado en el borde obtendr\u00e1 informaci\u00f3n precisa y en tiempo real con una latencia m\u00ednima. Nuestros dispositivos est\u00e1n dise\u00f1ados para economizar costes, proporcionando monitorizaci\u00f3n sanitaria de vanguardia al alcance de todos.<\/p>\n<p>\u00danase a nosotros dar forma al futuro de los wearables y obtenga acceso anticipado exclusivo a la tecnolog\u00eda de AiQUOS. Recibir\u00e1 precios preferentes, soporte dedicado y desarrollo de funciones personalizadas para implementar soluciones de vanguardia que satisfagan perfectamente sus necesidades. \u00a1Adel\u00e1ntese a sus competidores!<\/p>\n<a href=\"https:\/\/aiquos.tech\/es\/?page_id=248\" class=\"button primary\"  >\n\t\t<span>Contacte con nosotros<\/span>\n\t<\/a>\n\n\n\n\t\t<\/div>\n\t\t\t\t\t<\/div>\n\n\t\n\n\t<div id=\"col-684323132\" class=\"col medium-6 small-12 large-6\"  >\n\t\t\t\t<div class=\"col-inner\"  >\n\t\t\t\n\t\t\t\n\n\t<div class=\"img has-hover x md-x lg-x y md-y lg-y\" id=\"image_836959195\">\n\t\t\t\t\t\t\t\t<div class=\"img-inner dark\" >\n\t\t\t<img loading=\"lazy\" decoding=\"async\" width=\"650\" height=\"433\" src=\"https:\/\/aiquos.tech\/wp-content\/uploads\/2024\/12\/Frame-1.jpg\" class=\"attachment-large size-large\" alt=\"\" srcset=\"https:\/\/aiquos.tech\/wp-content\/uploads\/2024\/12\/Frame-1.jpg 650w, https:\/\/aiquos.tech\/wp-content\/uploads\/2024\/12\/Frame-1-300x200.jpg 300w\" sizes=\"auto, (max-width: 650px) 100vw, 650px\" \/>\t\t\t\t\t\t\n\t\t\t\t\t<\/div>\n\t\t\t\t\t\t\t\t\n<style>\n#image_836959195 {\n  width: 100%;\n}\n<\/style>\n\t<\/div>\n\t\n\n\n\t\t<\/div>\n\t\t\t\t\t<\/div>\n\n\t\n\n<\/div>\n\n\t\t<\/div>\n\n\t\t\n<style>\n#section_488014086 {\n  padding-top: 60px;\n  padding-bottom: 60px;\n  background-color: rgb(255, 255, 255);\n}\n#section_488014086 .section-bg-overlay {\n  background-color: rgba(255, 255, 255, 0.85);\n}\n<\/style>\n\t<\/section>\n\t\n\n","protected":false},"excerpt":{"rendered":"","protected":false},"author":1,"featured_media":0,"parent":0,"menu_order":0,"comment_status":"closed","ping_status":"closed","template":"page-blank.php","meta":{"footnotes":""},"class_list":["post-582","page","type-page","status-publish","hentry"],"yoast_head":"<!-- This site is optimized with the Yoast SEO plugin v24.9 - https:\/\/yoast.com\/wordpress\/plugins\/seo\/ -->\n<title>Wearables - AiQUOS<\/title>\n<meta name=\"robots\" content=\"index, follow, max-snippet:-1, max-image-preview:large, max-video-preview:-1\" \/>\n<link rel=\"canonical\" href=\"https:\/\/aiquos.tech\/es\/wearables\/\" \/>\n<meta property=\"og:locale\" content=\"es_ES\" \/>\n<meta property=\"og:type\" content=\"article\" \/>\n<meta property=\"og:title\" content=\"Wearables - AiQUOS\" \/>\n<meta property=\"og:url\" content=\"https:\/\/aiquos.tech\/es\/wearables\/\" \/>\n<meta property=\"og:site_name\" content=\"AiQUOS\" \/>\n<meta property=\"article:modified_time\" content=\"2025-03-22T21:01:55+00:00\" \/>\n<meta name=\"twitter:card\" content=\"summary_large_image\" \/>\n<meta name=\"twitter:label1\" content=\"Tiempo de lectura\" \/>\n\t<meta name=\"twitter:data1\" content=\"2 minutos\" \/>\n<script type=\"application\/ld+json\" class=\"yoast-schema-graph\">{\"@context\":\"https:\/\/schema.org\",\"@graph\":[{\"@type\":\"WebPage\",\"@id\":\"https:\/\/aiquos.tech\/es\/wearables\/\",\"url\":\"https:\/\/aiquos.tech\/es\/wearables\/\",\"name\":\"Wearables - AiQUOS\",\"isPartOf\":{\"@id\":\"https:\/\/aiquos.tech\/es\/#website\"},\"datePublished\":\"2025-03-18T15:44:50+00:00\",\"dateModified\":\"2025-03-22T21:01:55+00:00\",\"breadcrumb\":{\"@id\":\"https:\/\/aiquos.tech\/es\/wearables\/#breadcrumb\"},\"inLanguage\":\"es\",\"potentialAction\":[{\"@type\":\"ReadAction\",\"target\":[\"https:\/\/aiquos.tech\/es\/wearables\/\"]}]},{\"@type\":\"BreadcrumbList\",\"@id\":\"https:\/\/aiquos.tech\/es\/wearables\/#breadcrumb\",\"itemListElement\":[{\"@type\":\"ListItem\",\"position\":1,\"name\":\"Portada\",\"item\":\"https:\/\/aiquos.tech\/es\/\"},{\"@type\":\"ListItem\",\"position\":2,\"name\":\"Wearables\"}]},{\"@type\":\"WebSite\",\"@id\":\"https:\/\/aiquos.tech\/es\/#website\",\"url\":\"https:\/\/aiquos.tech\/es\/\",\"name\":\"AiQUOS\",\"description\":\"Total Fluid analysis Anytime Anywhere\",\"potentialAction\":[{\"@type\":\"SearchAction\",\"target\":{\"@type\":\"EntryPoint\",\"urlTemplate\":\"https:\/\/aiquos.tech\/es\/?s={search_term_string}\"},\"query-input\":{\"@type\":\"PropertyValueSpecification\",\"valueRequired\":true,\"valueName\":\"search_term_string\"}}],\"inLanguage\":\"es\"}]}<\/script>\n<!-- \/ Yoast SEO plugin. -->","yoast_head_json":{"title":"Wearables - AiQUOS","robots":{"index":"index","follow":"follow","max-snippet":"max-snippet:-1","max-image-preview":"max-image-preview:large","max-video-preview":"max-video-preview:-1"},"canonical":"https:\/\/aiquos.tech\/es\/wearables\/","og_locale":"es_ES","og_type":"article","og_title":"Wearables - AiQUOS","og_url":"https:\/\/aiquos.tech\/es\/wearables\/","og_site_name":"AiQUOS","article_modified_time":"2025-03-22T21:01:55+00:00","twitter_card":"summary_large_image","twitter_misc":{"Tiempo de lectura":"2 minutos"},"schema":{"@context":"https:\/\/schema.org","@graph":[{"@type":"WebPage","@id":"https:\/\/aiquos.tech\/es\/wearables\/","url":"https:\/\/aiquos.tech\/es\/wearables\/","name":"Wearables - AiQUOS","isPartOf":{"@id":"https:\/\/aiquos.tech\/es\/#website"},"datePublished":"2025-03-18T15:44:50+00:00","dateModified":"2025-03-22T21:01:55+00:00","breadcrumb":{"@id":"https:\/\/aiquos.tech\/es\/wearables\/#breadcrumb"},"inLanguage":"es","potentialAction":[{"@type":"ReadAction","target":["https:\/\/aiquos.tech\/es\/wearables\/"]}]},{"@type":"BreadcrumbList","@id":"https:\/\/aiquos.tech\/es\/wearables\/#breadcrumb","itemListElement":[{"@type":"ListItem","position":1,"name":"Portada","item":"https:\/\/aiquos.tech\/es\/"},{"@type":"ListItem","position":2,"name":"Wearables"}]},{"@type":"WebSite","@id":"https:\/\/aiquos.tech\/es\/#website","url":"https:\/\/aiquos.tech\/es\/","name":"AiQUOS","description":"Total Fluid analysis Anytime Anywhere","potentialAction":[{"@type":"SearchAction","target":{"@type":"EntryPoint","urlTemplate":"https:\/\/aiquos.tech\/es\/?s={search_term_string}"},"query-input":{"@type":"PropertyValueSpecification","valueRequired":true,"valueName":"search_term_string"}}],"inLanguage":"es"}]}},"_links":{"self":[{"href":"https:\/\/aiquos.tech\/es\/wp-json\/wp\/v2\/pages\/582","targetHints":{"allow":["GET"]}}],"collection":[{"href":"https:\/\/aiquos.tech\/es\/wp-json\/wp\/v2\/pages"}],"about":[{"href":"https:\/\/aiquos.tech\/es\/wp-json\/wp\/v2\/types\/page"}],"author":[{"embeddable":true,"href":"https:\/\/aiquos.tech\/es\/wp-json\/wp\/v2\/users\/1"}],"replies":[{"embeddable":true,"href":"https:\/\/aiquos.tech\/es\/wp-json\/wp\/v2\/comments?post=582"}],"version-history":[{"count":1,"href":"https:\/\/aiquos.tech\/es\/wp-json\/wp\/v2\/pages\/582\/revisions"}],"predecessor-version":[{"id":583,"href":"https:\/\/aiquos.tech\/es\/wp-json\/wp\/v2\/pages\/582\/revisions\/583"}],"wp:attachment":[{"href":"https:\/\/aiquos.tech\/es\/wp-json\/wp\/v2\/media?parent=582"}],"curies":[{"name":"wp","href":"https:\/\/api.w.org\/{rel}","templated":true}]}}