{"id":580,"date":"2025-03-18T15:41:38","date_gmt":"2025-03-18T15:41:38","guid":{"rendered":"https:\/\/aiquos.tech\/control-de-la-calidad-del-agua\/"},"modified":"2025-03-22T20:45:58","modified_gmt":"2025-03-22T20:45:58","slug":"control-de-la-calidad-del-agua","status":"publish","type":"page","link":"https:\/\/aiquos.tech\/es\/control-de-la-calidad-del-agua\/","title":{"rendered":"Control de la calidad del agua"},"content":{"rendered":"\n<div class=\"slider-wrapper relative\" id=\"slider-904587897\" >\n    <div class=\"slider slider-nav-circle slider-nav-large slider-nav-light slider-style-normal\"\n        data-flickity-options='{\n            \"cellAlign\": \"center\",\n            \"imagesLoaded\": true,\n            \"lazyLoad\": 1,\n            \"freeScroll\": false,\n            \"wrapAround\": true,\n            \"autoPlay\": 6000,\n            \"pauseAutoPlayOnHover\" : true,\n            \"prevNextButtons\": true,\n            \"contain\" : true,\n            \"adaptiveHeight\" : true,\n            \"dragThreshold\" : 10,\n            \"percentPosition\": true,\n            \"pageDots\": true,\n            \"rightToLeft\": false,\n            \"draggable\": true,\n            \"selectedAttraction\": 0.1,\n            \"parallax\" : 0,\n            \"friction\": 0.6        }'\n        >\n        \n\n\n  <div class=\"banner has-hover has-parallax\" id=\"banner-760332379\">\n          <div class=\"banner-inner fill\">\n        <div class=\"banner-bg fill\" data-parallax=\"-3\" data-parallax-container=\".banner\" data-parallax-background>\n            <img loading=\"lazy\" decoding=\"async\" width=\"650\" height=\"464\" src=\"https:\/\/aiquos.tech\/wp-content\/uploads\/2024\/11\/aiquos-sector-aplication-whater-quality.jpg\" class=\"bg attachment-original size-original\" alt=\"\" \/>                        <div class=\"overlay\"><\/div>            \n                    <\/div>\n\t\t\n        <div class=\"banner-layers container\">\n            <div class=\"fill banner-link\"><\/div>            \n\n   <div id=\"text-box-513469449\" class=\"text-box banner-layer x95 md-x95 lg-x100 y90 md-y50 lg-y85 res-text\">\n                                <div class=\"text-box-content text dark\">\n              \n              <div class=\"text-inner text-center\">\n                  \n\n\t<div id=\"text-274554847\" class=\"text\">\n\t\t\n\n<h2 class=\"uppercase\"><strong>Control de la calidad del agua<\/strong><\/h2>\n\t\t\n<style>\n#text-274554847 {\n  text-align: right;\n}\n<\/style>\n\t<\/div>\n\t\n\n              <\/div>\n           <\/div>\n                            \n<style>\n#text-box-513469449 {\n  width: 85%;\n}\n#text-box-513469449 .text-box-content {\n  font-size: 100%;\n}\n@media (min-width:550px) {\n  #text-box-513469449 {\n    width: 49%;\n  }\n}\n<\/style>\n    <\/div>\n \n\n        <\/div>\n      <\/div>\n\n            \n<style>\n#banner-760332379 {\n  padding-top: 202px;\n}\n#banner-760332379 .overlay {\n  background-color: rgba(0,0,0,.5);\n}\n#banner-760332379 .banner-bg img {\n  object-position: 17% 0%;\n}\n@media (min-width:550px) {\n  #banner-760332379 {\n    padding-top: 196px;\n  }\n}\n@media (min-width:850px) {\n  #banner-760332379 {\n    padding-top: 444px;\n  }\n}\n<\/style>\n  <\/div>\n\n\n\n     <\/div>\n\n     <div class=\"loading-spin dark large centered\"><\/div>\n\n\t<\/div>\n\n\n\n\t<section class=\"section\" id=\"section_133763752\">\n\t\t<div class=\"section-bg fill\" >\n\t\t\t\t\t\t\t\t\t<div class=\"section-bg-overlay absolute fill\"><\/div>\n\t\t\t\n\n\t\t<\/div>\n\n\t\t\n\n\t\t<div class=\"section-content relative\">\n\t\t\t\n\n<div class=\"row\"  id=\"row-2050339542\">\n\n\n\t<div id=\"col-727712798\" class=\"col small-12 large-12\"  >\n\t\t\t\t<div class=\"col-inner\"  >\n\t\t\t\n\t\t\t\n\n<h2><strong>Control de la calidad del agua<\/strong><\/h2>\n<p><em><strong>Garantice agua limpia y segura mediante tecnolog\u00edas de IA de vanguardia que analizan, predicen y mejoran las condiciones de calidad.<\/strong><\/em><\/p>\n\n\t\t<\/div>\n\t\t\t\t\t<\/div>\n\n\t\n\n<\/div>\n<div class=\"row row-large\"  id=\"row-1464613283\">\n\n\n\t<div id=\"col-1102228714\" class=\"col medium-6 small-12 large-6\"  >\n\t\t\t\t<div class=\"col-inner text-left\"  >\n\t\t\t\n\t\t\t\n\n<p>Nuestra tecnolog\u00eda neurocomputacional est\u00e1 dise\u00f1ada para anticiparse a riesgos asociados con la detecci\u00f3n de par\u00e1metros comunes (pH, ORP, Ox\u00edgeno Disuelto, Salinidad), nitrificaci\u00f3n, fosforilaci\u00f3n, subproductos de cloraci\u00f3n y pat\u00f3genos, asegurando una monitorizaci\u00f3n exhaustiva de los recursos h\u00eddricos.<\/p>\n<p>AiQUOS proporciona miniaturizaci\u00f3n, durabilidad y autonom\u00eda energ\u00e9tica, en un sistema compacto y fiable para su uso a largo plazo. Adem\u00e1s, su funcionamiento adaptativo le permite responder a condiciones cambiantes de forma eficaz, integrando m\u00faltiples procesos en un \u00fanico sistema eficiente.<\/p>\n<p>\u00danase a nosotros para construir el futuro de la monitorizaci\u00f3n de la calidad del agua y obtenga acceso anticipado exclusivo a la tecnolog\u00eda de AiQUOS. Recibir\u00e1 precios preferentes, soporte dedicado y desarrollo de funciones personalizadas para implementar soluciones de vanguardia que satisfagan perfectamente sus necesidades. \u00a1Adel\u00e1ntese a sus competidores!<\/p>\n<a href=\"https:\/\/aiquos.tech\/es\/?page_id=248\" class=\"button primary\"  >\n\t\t<span>Contacte con nosotros<\/span>\n\t<\/a>\n\n\n\n\t\t<\/div>\n\t\t\t\t\t<\/div>\n\n\t\n\n\t<div id=\"col-575627797\" class=\"col medium-6 small-12 large-6\"  >\n\t\t\t\t<div class=\"col-inner\"  >\n\t\t\t\n\t\t\t\n\n\t<div class=\"img has-hover x md-x lg-x y md-y lg-y\" id=\"image_238722831\">\n\t\t\t\t\t\t\t\t<div class=\"img-inner dark\" >\n\t\t\t<img loading=\"lazy\" decoding=\"async\" width=\"650\" height=\"464\" src=\"https:\/\/aiquos.tech\/wp-content\/uploads\/2024\/11\/aiquos-sector-aplication-whater-quality.jpg\" class=\"attachment-large size-large\" alt=\"\" srcset=\"https:\/\/aiquos.tech\/wp-content\/uploads\/2024\/11\/aiquos-sector-aplication-whater-quality.jpg 650w, https:\/\/aiquos.tech\/wp-content\/uploads\/2024\/11\/aiquos-sector-aplication-whater-quality-300x214.jpg 300w\" sizes=\"auto, (max-width: 650px) 100vw, 650px\" \/>\t\t\t\t\t\t\n\t\t\t\t\t<\/div>\n\t\t\t\t\t\t\t\t\n<style>\n#image_238722831 {\n  width: 100%;\n}\n<\/style>\n\t<\/div>\n\t\n\n\n\t\t<\/div>\n\t\t\t\t\t<\/div>\n\n\t\n\n<\/div>\n\n\t\t<\/div>\n\n\t\t\n<style>\n#section_133763752 {\n  padding-top: 60px;\n  padding-bottom: 60px;\n  background-color: rgb(255, 255, 255);\n}\n#section_133763752 .section-bg-overlay {\n  background-color: rgba(255, 255, 255, 0.85);\n}\n<\/style>\n\t<\/section>\n\t\n\n","protected":false},"excerpt":{"rendered":"","protected":false},"author":1,"featured_media":0,"parent":0,"menu_order":0,"comment_status":"closed","ping_status":"closed","template":"page-blank.php","meta":{"footnotes":""},"class_list":["post-580","page","type-page","status-publish","hentry"],"yoast_head":"<!-- This site is optimized with the Yoast SEO plugin v24.9 - https:\/\/yoast.com\/wordpress\/plugins\/seo\/ -->\n<title>Control de la calidad del agua - AiQUOS<\/title>\n<meta name=\"robots\" content=\"index, follow, max-snippet:-1, max-image-preview:large, max-video-preview:-1\" \/>\n<link rel=\"canonical\" href=\"https:\/\/aiquos.tech\/es\/control-de-la-calidad-del-agua\/\" \/>\n<meta property=\"og:locale\" content=\"es_ES\" \/>\n<meta property=\"og:type\" content=\"article\" \/>\n<meta property=\"og:title\" content=\"Control de la calidad del agua - AiQUOS\" \/>\n<meta property=\"og:url\" content=\"https:\/\/aiquos.tech\/es\/control-de-la-calidad-del-agua\/\" \/>\n<meta property=\"og:site_name\" content=\"AiQUOS\" \/>\n<meta property=\"article:modified_time\" content=\"2025-03-22T20:45:58+00:00\" \/>\n<meta name=\"twitter:card\" content=\"summary_large_image\" \/>\n<meta name=\"twitter:label1\" content=\"Tiempo de lectura\" \/>\n\t<meta name=\"twitter:data1\" content=\"1 minuto\" \/>\n<script type=\"application\/ld+json\" class=\"yoast-schema-graph\">{\"@context\":\"https:\/\/schema.org\",\"@graph\":[{\"@type\":\"WebPage\",\"@id\":\"https:\/\/aiquos.tech\/es\/control-de-la-calidad-del-agua\/\",\"url\":\"https:\/\/aiquos.tech\/es\/control-de-la-calidad-del-agua\/\",\"name\":\"Control de la calidad del agua - AiQUOS\",\"isPartOf\":{\"@id\":\"https:\/\/aiquos.tech\/es\/#website\"},\"datePublished\":\"2025-03-18T15:41:38+00:00\",\"dateModified\":\"2025-03-22T20:45:58+00:00\",\"breadcrumb\":{\"@id\":\"https:\/\/aiquos.tech\/es\/control-de-la-calidad-del-agua\/#breadcrumb\"},\"inLanguage\":\"es\",\"potentialAction\":[{\"@type\":\"ReadAction\",\"target\":[\"https:\/\/aiquos.tech\/es\/control-de-la-calidad-del-agua\/\"]}]},{\"@type\":\"BreadcrumbList\",\"@id\":\"https:\/\/aiquos.tech\/es\/control-de-la-calidad-del-agua\/#breadcrumb\",\"itemListElement\":[{\"@type\":\"ListItem\",\"position\":1,\"name\":\"Portada\",\"item\":\"https:\/\/aiquos.tech\/es\/\"},{\"@type\":\"ListItem\",\"position\":2,\"name\":\"Control de la calidad del agua\"}]},{\"@type\":\"WebSite\",\"@id\":\"https:\/\/aiquos.tech\/es\/#website\",\"url\":\"https:\/\/aiquos.tech\/es\/\",\"name\":\"AiQUOS\",\"description\":\"Total Fluid analysis Anytime Anywhere\",\"potentialAction\":[{\"@type\":\"SearchAction\",\"target\":{\"@type\":\"EntryPoint\",\"urlTemplate\":\"https:\/\/aiquos.tech\/es\/?s={search_term_string}\"},\"query-input\":{\"@type\":\"PropertyValueSpecification\",\"valueRequired\":true,\"valueName\":\"search_term_string\"}}],\"inLanguage\":\"es\"}]}<\/script>\n<!-- \/ Yoast SEO plugin. -->","yoast_head_json":{"title":"Control de la calidad del agua - AiQUOS","robots":{"index":"index","follow":"follow","max-snippet":"max-snippet:-1","max-image-preview":"max-image-preview:large","max-video-preview":"max-video-preview:-1"},"canonical":"https:\/\/aiquos.tech\/es\/control-de-la-calidad-del-agua\/","og_locale":"es_ES","og_type":"article","og_title":"Control de la calidad del agua - AiQUOS","og_url":"https:\/\/aiquos.tech\/es\/control-de-la-calidad-del-agua\/","og_site_name":"AiQUOS","article_modified_time":"2025-03-22T20:45:58+00:00","twitter_card":"summary_large_image","twitter_misc":{"Tiempo de lectura":"1 minuto"},"schema":{"@context":"https:\/\/schema.org","@graph":[{"@type":"WebPage","@id":"https:\/\/aiquos.tech\/es\/control-de-la-calidad-del-agua\/","url":"https:\/\/aiquos.tech\/es\/control-de-la-calidad-del-agua\/","name":"Control de la calidad del agua - AiQUOS","isPartOf":{"@id":"https:\/\/aiquos.tech\/es\/#website"},"datePublished":"2025-03-18T15:41:38+00:00","dateModified":"2025-03-22T20:45:58+00:00","breadcrumb":{"@id":"https:\/\/aiquos.tech\/es\/control-de-la-calidad-del-agua\/#breadcrumb"},"inLanguage":"es","potentialAction":[{"@type":"ReadAction","target":["https:\/\/aiquos.tech\/es\/control-de-la-calidad-del-agua\/"]}]},{"@type":"BreadcrumbList","@id":"https:\/\/aiquos.tech\/es\/control-de-la-calidad-del-agua\/#breadcrumb","itemListElement":[{"@type":"ListItem","position":1,"name":"Portada","item":"https:\/\/aiquos.tech\/es\/"},{"@type":"ListItem","position":2,"name":"Control de la calidad del agua"}]},{"@type":"WebSite","@id":"https:\/\/aiquos.tech\/es\/#website","url":"https:\/\/aiquos.tech\/es\/","name":"AiQUOS","description":"Total Fluid analysis Anytime Anywhere","potentialAction":[{"@type":"SearchAction","target":{"@type":"EntryPoint","urlTemplate":"https:\/\/aiquos.tech\/es\/?s={search_term_string}"},"query-input":{"@type":"PropertyValueSpecification","valueRequired":true,"valueName":"search_term_string"}}],"inLanguage":"es"}]}},"_links":{"self":[{"href":"https:\/\/aiquos.tech\/es\/wp-json\/wp\/v2\/pages\/580","targetHints":{"allow":["GET"]}}],"collection":[{"href":"https:\/\/aiquos.tech\/es\/wp-json\/wp\/v2\/pages"}],"about":[{"href":"https:\/\/aiquos.tech\/es\/wp-json\/wp\/v2\/types\/page"}],"author":[{"embeddable":true,"href":"https:\/\/aiquos.tech\/es\/wp-json\/wp\/v2\/users\/1"}],"replies":[{"embeddable":true,"href":"https:\/\/aiquos.tech\/es\/wp-json\/wp\/v2\/comments?post=580"}],"version-history":[{"count":1,"href":"https:\/\/aiquos.tech\/es\/wp-json\/wp\/v2\/pages\/580\/revisions"}],"predecessor-version":[{"id":581,"href":"https:\/\/aiquos.tech\/es\/wp-json\/wp\/v2\/pages\/580\/revisions\/581"}],"wp:attachment":[{"href":"https:\/\/aiquos.tech\/es\/wp-json\/wp\/v2\/media?parent=580"}],"curies":[{"name":"wp","href":"https:\/\/api.w.org\/{rel}","templated":true}]}}