{"id":257,"date":"2024-11-11T14:06:14","date_gmt":"2024-11-11T14:06:14","guid":{"rendered":"https:\/\/aiquos.tech\/sobre-nosotros\/"},"modified":"2026-01-10T10:21:35","modified_gmt":"2026-01-10T10:21:35","slug":"sobre-nosotros","status":"publish","type":"page","link":"https:\/\/aiquos.tech\/es\/sobre-nosotros\/","title":{"rendered":"Sobre nosotros"},"content":{"rendered":"\n<div class=\"slider-wrapper relative\" id=\"slider-1160951387\" >\n    <div class=\"slider slider-nav-circle slider-nav-large slider-nav-light slider-style-normal\"\n        data-flickity-options='{\n            \"cellAlign\": \"center\",\n            \"imagesLoaded\": true,\n            \"lazyLoad\": 1,\n            \"freeScroll\": false,\n            \"wrapAround\": true,\n            \"autoPlay\": 6000,\n            \"pauseAutoPlayOnHover\" : true,\n            \"prevNextButtons\": true,\n            \"contain\" : true,\n            \"adaptiveHeight\" : true,\n            \"dragThreshold\" : 10,\n            \"percentPosition\": true,\n            \"pageDots\": true,\n            \"rightToLeft\": false,\n            \"draggable\": true,\n            \"selectedAttraction\": 0.1,\n            \"parallax\" : 0,\n            \"friction\": 0.6        }'\n        >\n        \n\n\n  <div class=\"banner has-hover\" id=\"banner-530741841\">\n          <div class=\"banner-inner fill\">\n        <div class=\"banner-bg fill\" >\n            <img loading=\"lazy\" decoding=\"async\" width=\"1437\" height=\"839\" src=\"https:\/\/aiquos.tech\/wp-content\/uploads\/2024\/11\/Default_a_stylized_photo_of_a_microchip_falling_onto_a_calm_li_0-1.png\" class=\"bg attachment-original size-original\" alt=\"\" \/>                                    \n                    <\/div>\n\t\t\n        <div class=\"banner-layers container\">\n            <div class=\"fill banner-link\"><\/div>            \n\n   <div id=\"text-box-408011932\" class=\"text-box banner-layer x50 md-x100 lg-x100 y90 md-y50 lg-y50 res-text\">\n                                <div class=\"text-box-content text dark\">\n              \n              <div class=\"text-inner text-center\">\n                  \n\n\t<div id=\"text-3009479863\" class=\"text\">\n\t\t\n\n<h1 class=\"uppercase\">SOBRE NOSOTROS<\/h1>\n\t\t\n<style>\n#text-3009479863 {\n  text-align: right;\n}\n<\/style>\n\t<\/div>\n\t\n\n              <\/div>\n           <\/div>\n                            \n<style>\n#text-box-408011932 {\n  width: 88%;\n}\n#text-box-408011932 .text-box-content {\n  font-size: 100%;\n}\n@media (min-width:550px) {\n  #text-box-408011932 {\n    width: 43%;\n  }\n}\n<\/style>\n    <\/div>\n \n\n        <\/div>\n      <\/div>\n\n            \n<style>\n#banner-530741841 {\n  padding-top: 444px;\n}\n#banner-530741841 .banner-bg img {\n  object-position: 39% 46%;\n}\n@media (min-width:550px) {\n  #banner-530741841 {\n    padding-top: 444px;\n  }\n}\n<\/style>\n  <\/div>\n\n\n\n     <\/div>\n\n     <div class=\"loading-spin dark large centered\"><\/div>\n\n\t<\/div>\n\n\n\n\t<section class=\"section\" id=\"section_916022639\">\n\t\t<div class=\"section-bg fill\" >\n\t\t\t\t\t\t\t\t\t<div class=\"section-bg-overlay absolute fill\"><\/div>\n\t\t\t\n\n\t\t<\/div>\n\n\t\t\n\n\t\t<div class=\"section-content relative\">\n\t\t\t\n\n<div class=\"row row-large align-middle\"  id=\"row-194088093\">\n\n\n\t<div id=\"col-1391361341\" class=\"col medium-6 small-12 large-6\"  >\n\t\t\t\t<div class=\"col-inner text-left\"  >\n\t\t\t\n\t\t\t\n\n<h2>Nuestra historia<\/h2>\n<p><strong>La tecnolog\u00eda AiQUOS<\/strong>\u00a0surgi\u00f3 de una colaboraci\u00f3n visionaria entre el\u00a0<a href=\"https:\/\/www.ini.uzh.ch\/en.html\"><strong>Institute of Neuroinformatics<\/strong><\/a>\u00a0(INI, UZH) y el\u00a0<strong><a href=\"https:\/\/www.imb-cnm.csic.es\/es\">Instituto de Microelectr\u00f3nica de Barcelona<\/a><\/strong>\u00a0(IMB-CNM, CSIC). Bajo la iniciativa del\u00a0<strong>Dr. Margarit<\/strong>, nuestro equipo combin\u00f3 su experiencia en IA, ingenier\u00eda neurom\u00f3rfica, an\u00e1lisis bioqu\u00edmico y tecnolog\u00edas avanzadas de sensores para desarrollar soluciones innovadoras de lab-in-a-microchip inteligente para un control integral del medio acuoso en el punto de uso.<\/p>\n<p>Con el apoyo de la\u00a0<strong>Comisi\u00f3n Europea<\/strong>, la\u00a0<strong>Fundaci\u00f3n Nacional Suiza para la Ciencia<\/strong>\u00a0y la\u00a0<strong>Generalitat de Catalunya<\/strong>\u00a0\u2013 y como fruto de un esfuerzo de investigaci\u00f3n colaborativo de varios a\u00f1os con la\u00a0<strong>Prof. Liu<\/strong>, la\u00a0<strong>Dra. Jim\u00e9nez<\/strong>\u00a0y el\u00a0<strong>Dr. Serra<\/strong>\u00a0\u2013 nuestro trabajo ha sido\u00a0<a href=\"https:\/\/innovation-radar.ec.europa.eu\/innovation\/29885\">distinguido como una innovaci\u00f3n de alto potencial por expertos de la UE<\/a>\u00a0y ha dado lugar a tres solicitudes de patentes internacionales, consolidando nuestra posici\u00f3n en la vanguardia de la tecnolog\u00edas de monitorizaci\u00f3n de soluciones acuosas.<\/p>\n\n\t\t<\/div>\n\t\t\t\t\t<\/div>\n\n\t\n\n\t<div id=\"col-2144536642\" class=\"col medium-6 small-12 large-6\"  >\n\t\t\t\t<div class=\"col-inner text-center\"  >\n\t\t\t\n\t\t\t\n\n\t<div class=\"img has-hover x md-x lg-x y md-y lg-y\" id=\"image_582675901\">\n\t\t\t\t\t\t\t\t<div class=\"img-inner dark\" >\n\t\t\t<img loading=\"lazy\" decoding=\"async\" width=\"400\" height=\"262\" src=\"https:\/\/aiquos.tech\/wp-content\/uploads\/2024\/11\/aiquos-Total-Fluid-Analysis2030.png\" class=\"attachment-original size-original\" alt=\"\" srcset=\"https:\/\/aiquos.tech\/wp-content\/uploads\/2024\/11\/aiquos-Total-Fluid-Analysis2030.png 400w, https:\/\/aiquos.tech\/wp-content\/uploads\/2024\/11\/aiquos-Total-Fluid-Analysis2030-300x197.png 300w\" sizes=\"auto, (max-width: 400px) 100vw, 400px\" \/>\t\t\t\t\t\t\n\t\t\t\t\t<\/div>\n\t\t\t\t\t\t\t\t\n<style>\n#image_582675901 {\n  width: 72%;\n}\n<\/style>\n\t<\/div>\n\t\n\n\n\t\t<\/div>\n\t\t\t\t\t<\/div>\n\n\t\n\n<\/div>\n\n\t\t<\/div>\n\n\t\t\n<style>\n#section_916022639 {\n  padding-top: 60px;\n  padding-bottom: 60px;\n  background-color: rgb(255,255,255);\n}\n#section_916022639 .section-bg-overlay {\n  background-color: rgba(255, 255, 255, 0.85);\n}\n<\/style>\n\t<\/section>\n\t\n\n\t<section class=\"section\" id=\"section_524070014\">\n\t\t<div class=\"section-bg fill\" >\n\t\t\t\t\t\t\t\t\t<div class=\"section-bg-overlay absolute fill\"><\/div>\n\t\t\t\n\n\t\t<\/div>\n\n\t\t\n\n\t\t<div class=\"section-content relative\">\n\t\t\t\n\n<div class=\"row row-large align-middle align-center\"  id=\"row-1102088933\">\n\n\n\t<div id=\"col-1767349141\" class=\"col medium-6 small-12 large-6\"  >\n\t\t\t\t<div class=\"col-inner text-center\"  >\n\t\t\t\n\t\t\t\n\n\t<div class=\"img has-hover x md-x lg-x y md-y lg-y\" id=\"image_1211368533\">\n\t\t\t\t\t\t\t\t<div class=\"img-inner dark\" >\n\t\t\t<img loading=\"lazy\" decoding=\"async\" width=\"647\" height=\"647\" src=\"https:\/\/aiquos.tech\/wp-content\/uploads\/2024\/11\/aiquos-Total-Fluid-Analysis2011.png\" class=\"attachment-original size-original\" alt=\"\" srcset=\"https:\/\/aiquos.tech\/wp-content\/uploads\/2024\/11\/aiquos-Total-Fluid-Analysis2011.png 647w, https:\/\/aiquos.tech\/wp-content\/uploads\/2024\/11\/aiquos-Total-Fluid-Analysis2011-300x300.png 300w, https:\/\/aiquos.tech\/wp-content\/uploads\/2024\/11\/aiquos-Total-Fluid-Analysis2011-150x150.png 150w\" sizes=\"auto, (max-width: 647px) 100vw, 647px\" \/>\t\t\t\t\t\t\n\t\t\t\t\t<\/div>\n\t\t\t\t\t\t\t\t\n<style>\n#image_1211368533 {\n  width: 66%;\n}\n<\/style>\n\t<\/div>\n\t\n\n\n\t\t<\/div>\n\t\t\t\t\t<\/div>\n\n\t\n\n\t<div id=\"col-437906028\" class=\"col medium-6 small-12 large-6\"  >\n\t\t\t\t<div class=\"col-inner text-left\"  >\n\t\t\t\n\t\t\t\n\n<h2>Nuestra misi\u00f3n<\/h2>\n<p>Nos comprometemos a redefinir los est\u00e1ndares del an\u00e1lisis de l\u00edquidos proporcionando soluciones de medici\u00f3n y control predictivas, aut\u00f3nomas, rentables y miniaturizadas. Nuestro objetivo es prevenir y controlar los riesgos asociados a compuestos (bio)qu\u00edmicos en medios acuosos, con precisi\u00f3n donde y cuando sea necesario. Aceleramos y democratizamos la supervisi\u00f3n exhaustiva de estos medios, facilitando la adopci\u00f3n generalizada de instrumentaci\u00f3n de medida para un acceso generalizado a informaci\u00f3n cuantitativa y cualitativa clave.<\/p>\n\n\t\t<\/div>\n\t\t\t\t\t<\/div>\n\n\t\n\n<\/div>\n\n\t\t<\/div>\n\n\t\t\n<style>\n#section_524070014 {\n  padding-top: 60px;\n  padding-bottom: 60px;\n  background-color: rgb(193, 193, 193);\n}\n#section_524070014 .section-bg-overlay {\n  background-color: rgba(255, 255, 255, 0.85);\n}\n<\/style>\n\t<\/section>\n\t\n\n\t<section class=\"section\" id=\"section_1394185178\">\n\t\t<div class=\"section-bg fill\" >\n\t\t\t\t\t\t\t\t\t<div class=\"section-bg-overlay absolute fill\"><\/div>\n\t\t\t\n\n\t\t<\/div>\n\n\t\t\n\n\t\t<div class=\"section-content relative\">\n\t\t\t\n\n<div class=\"row row-large align-middle\"  id=\"row-175057498\">\n\n\n\t<div id=\"col-1662859557\" class=\"col medium-6 small-12 large-6\"  >\n\t\t\t\t<div class=\"col-inner text-left\"  >\n\t\t\t\n\t\t\t\n\n<h2>Nuestra visi\u00f3n<\/h2>\n<p>Convertirnos en el l\u00edder mundial en soluciones innovadoras de control de fluidos acuosos, aportando un valor incomparable a nuestros clientes al tiempo que abordamos los retos cr\u00edticos del desarrollo sostenible.<\/p>\n\n\t\t<\/div>\n\t\t\t\t\t<\/div>\n\n\t\n\n\t<div id=\"col-2076175889\" class=\"col medium-6 small-12 large-6\"  >\n\t\t\t\t<div class=\"col-inner text-center\"  >\n\t\t\t\n\t\t\t\n\n\t<div class=\"img has-hover x md-x lg-x y md-y lg-y\" id=\"image_573306916\">\n\t\t\t\t\t\t\t\t<div class=\"img-inner dark\" >\n\t\t\t<img loading=\"lazy\" decoding=\"async\" width=\"435\" height=\"236\" src=\"https:\/\/aiquos.tech\/wp-content\/uploads\/2024\/11\/aiquos-Total-Fluid-Analysis208.jpg\" class=\"attachment-original size-original\" alt=\"\" srcset=\"https:\/\/aiquos.tech\/wp-content\/uploads\/2024\/11\/aiquos-Total-Fluid-Analysis208.jpg 435w, https:\/\/aiquos.tech\/wp-content\/uploads\/2024\/11\/aiquos-Total-Fluid-Analysis208-300x163.jpg 300w\" sizes=\"auto, (max-width: 435px) 100vw, 435px\" \/>\t\t\t\t\t\t\n\t\t\t\t\t<\/div>\n\t\t\t\t\t\t\t\t\n<style>\n#image_573306916 {\n  width: 80%;\n}\n<\/style>\n\t<\/div>\n\t\n\n\n\t\t<\/div>\n\t\t\t\t\t<\/div>\n\n\t\n\n<\/div>\n\n\t\t<\/div>\n\n\t\t\n<style>\n#section_1394185178 {\n  padding-top: 60px;\n  padding-bottom: 60px;\n  background-color: rgb(255,255,255);\n}\n#section_1394185178 .section-bg-overlay {\n  background-color: rgba(255, 255, 255, 0.85);\n}\n<\/style>\n\t<\/section>\n\t\n\n\t<section class=\"section\" id=\"section_1000976811\">\n\t\t<div class=\"section-bg fill\" >\n\t\t\t\t\t\t\t\t\t<div class=\"section-bg-overlay absolute fill\"><\/div>\n\t\t\t\n\n\t\t<\/div>\n\n\t\t\n\n\t\t<div class=\"section-content relative\">\n\t\t\t\n\n<div class=\"row row-full-width\"  id=\"row-484620633\">\n\n\n\t<div id=\"col-647558823\" class=\"col small-12 large-12\"  >\n\t\t\t\t<div class=\"col-inner\"  >\n\t\t\t\n\t\t\t\n\n\t<div id=\"text-2757968714\" class=\"text\">\n\t\t\n\n<h2>Nuestros valores<\/h2>\n\t\t\n<style>\n#text-2757968714 {\n  text-align: center;\n}\n<\/style>\n\t<\/div>\n\t\n\n\t\t<\/div>\n\t\t\t\t\t<\/div>\n\n\t\n\n<\/div>\n<div class=\"row row-large row-full-width\"  id=\"row-1702090211\">\n\n\n\t<div id=\"col-1570045563\" class=\"col medium-3 small-12 large-3\"  >\n\t\t\t\t<div class=\"col-inner text-left\"  >\n\t\t\t\n\t\t\t\n\n<div class=\"row\"  id=\"row-957820541\">\n\n\n\t<div id=\"col-1187753285\" class=\"col medium-9 small-12 large-9\"  >\n\t\t\t\t<div class=\"col-inner text-center\"  >\n\t\t\t\n\t\t\t\n\n\t<div class=\"img has-hover x md-x lg-x y md-y lg-y\" id=\"image_656025758\">\n\t\t\t\t\t\t\t\t<div class=\"img-inner dark\" >\n\t\t\t<img loading=\"lazy\" decoding=\"async\" width=\"512\" height=\"512\" src=\"https:\/\/aiquos.tech\/wp-content\/uploads\/2024\/12\/ahorrar-agua-1.png\" class=\"attachment-large size-large\" alt=\"\" srcset=\"https:\/\/aiquos.tech\/wp-content\/uploads\/2024\/12\/ahorrar-agua-1.png 512w, https:\/\/aiquos.tech\/wp-content\/uploads\/2024\/12\/ahorrar-agua-1-300x300.png 300w, https:\/\/aiquos.tech\/wp-content\/uploads\/2024\/12\/ahorrar-agua-1-150x150.png 150w\" sizes=\"auto, (max-width: 512px) 100vw, 512px\" \/>\t\t\t\t\t\t\n\t\t\t\t\t<\/div>\n\t\t\t\t\t\t\t\t\n<style>\n#image_656025758 {\n  width: 50%;\n}\n<\/style>\n\t<\/div>\n\t\n\n\n\t\t<\/div>\n\t\t\t\t\t<\/div>\n\n\t\n\n\t<div id=\"col-401966366\" class=\"col medium-3 small-12 large-3\"  >\n\t\t\t\t<div class=\"col-inner\"  >\n\t\t\t\n\t\t\t\n\n\n\t\t<\/div>\n\t\t\t\t\t<\/div>\n\n\t\n\n<\/div>\n<h3>1. Responsabilidad e integridad<\/h3>\n<ul>\n<li>Dar prioridad a las personas y al planeta<\/li>\n<li>Ser honestos, respetuosos y comprometidos con nuestras promesas<\/li>\n<\/ul>\n\n\t\t<\/div>\n\t\t\t\t\t<\/div>\n\n\t\n\n\t<div id=\"col-1071843502\" class=\"col medium-3 small-12 large-3\"  >\n\t\t\t\t<div class=\"col-inner\"  >\n\t\t\t\n\t\t\t\n\n<div class=\"row\"  id=\"row-2828174\">\n\n\n\t<div id=\"col-2054708333\" class=\"col medium-9 small-12 large-9\"  >\n\t\t\t\t<div class=\"col-inner text-center\"  >\n\t\t\t\n\t\t\t\n\n\t<div class=\"img has-hover x md-x lg-x y md-y lg-y\" id=\"image_922872546\">\n\t\t\t\t\t\t\t\t<div class=\"img-inner dark\" >\n\t\t\t<img loading=\"lazy\" decoding=\"async\" width=\"512\" height=\"512\" src=\"https:\/\/aiquos.tech\/wp-content\/uploads\/2024\/12\/ahorrar-agua.png\" class=\"attachment-large size-large\" alt=\"\" srcset=\"https:\/\/aiquos.tech\/wp-content\/uploads\/2024\/12\/ahorrar-agua.png 512w, https:\/\/aiquos.tech\/wp-content\/uploads\/2024\/12\/ahorrar-agua-300x300.png 300w, https:\/\/aiquos.tech\/wp-content\/uploads\/2024\/12\/ahorrar-agua-150x150.png 150w\" sizes=\"auto, (max-width: 512px) 100vw, 512px\" \/>\t\t\t\t\t\t\n\t\t\t\t\t<\/div>\n\t\t\t\t\t\t\t\t\n<style>\n#image_922872546 {\n  width: 50%;\n}\n<\/style>\n\t<\/div>\n\t\n\n\n\t\t<\/div>\n\t\t\t\t\t<\/div>\n\n\t\n\n\t<div id=\"col-1576431869\" class=\"col medium-3 small-12 large-3\"  >\n\t\t\t\t<div class=\"col-inner\"  >\n\t\t\t\n\t\t\t\n\n\n\t\t<\/div>\n\t\t\t\t\t<\/div>\n\n\t\n\n<\/div>\n<h3>2. Innovaci\u00f3n y excelencia<\/h3>\n<ul>\n<li>Adopta una actitud de \u00abs\u00ed se puede\u00bb.<\/li>\n<li>Buscar la excelencia y la innovaci\u00f3n continua<\/li>\n<\/ul>\n\n\t\t<\/div>\n\t\t\t\t\t<\/div>\n\n\t\n\n\t<div id=\"col-1285116872\" class=\"col medium-3 small-12 large-3\"  >\n\t\t\t\t<div class=\"col-inner\"  >\n\t\t\t\n\t\t\t\n\n<div class=\"row\"  id=\"row-773408399\">\n\n\n\t<div id=\"col-1841117307\" class=\"col medium-9 small-12 large-9\"  >\n\t\t\t\t<div class=\"col-inner text-center\"  >\n\t\t\t\n\t\t\t\n\n\t<div class=\"img has-hover x md-x lg-x y md-y lg-y\" id=\"image_955518838\">\n\t\t\t\t\t\t\t\t<div class=\"img-inner dark\" >\n\t\t\t<img loading=\"lazy\" decoding=\"async\" width=\"512\" height=\"512\" src=\"https:\/\/aiquos.tech\/wp-content\/uploads\/2024\/12\/growth-mindset.png\" class=\"attachment-large size-large\" alt=\"\" srcset=\"https:\/\/aiquos.tech\/wp-content\/uploads\/2024\/12\/growth-mindset.png 512w, https:\/\/aiquos.tech\/wp-content\/uploads\/2024\/12\/growth-mindset-300x300.png 300w, https:\/\/aiquos.tech\/wp-content\/uploads\/2024\/12\/growth-mindset-150x150.png 150w\" sizes=\"auto, (max-width: 512px) 100vw, 512px\" \/>\t\t\t\t\t\t\n\t\t\t\t\t<\/div>\n\t\t\t\t\t\t\t\t\n<style>\n#image_955518838 {\n  width: 50%;\n}\n<\/style>\n\t<\/div>\n\t\n\n\n\t\t<\/div>\n\t\t\t\t\t<\/div>\n\n\t\n\n\t<div id=\"col-1211598252\" class=\"col medium-3 small-12 large-3\"  >\n\t\t\t\t<div class=\"col-inner\"  >\n\t\t\t\n\t\t\t\n\n\n\t\t<\/div>\n\t\t\t\t\t<\/div>\n\n\t\n\n<\/div>\n<h3>3. Colaboraci\u00f3n y crecimiento<\/h3>\n<ul>\n<li>Acoger debates cr\u00edticos y perspectivas diversas<\/li>\n<li>Fomentar la agilidad, la flexibilidad y el aprendizaje diario<\/li>\n<\/ul>\n<p>\u00a0<\/p>\n\n\t\t<\/div>\n\t\t\t\t\t<\/div>\n\n\t\n\n\t<div id=\"col-1838952073\" class=\"col medium-3 small-12 large-3\"  >\n\t\t\t\t<div class=\"col-inner\"  >\n\t\t\t\n\t\t\t\n\n<div class=\"row\"  id=\"row-2051778771\">\n\n\n\t<div id=\"col-1659849949\" class=\"col medium-9 small-12 large-9\"  >\n\t\t\t\t<div class=\"col-inner text-center\"  >\n\t\t\t\n\t\t\t\n\n\t<div class=\"img has-hover x md-x lg-x y md-y lg-y\" id=\"image_410044808\">\n\t\t\t\t\t\t\t\t<div class=\"img-inner dark\" >\n\t\t\t<img loading=\"lazy\" decoding=\"async\" width=\"450\" height=\"458\" src=\"https:\/\/aiquos.tech\/wp-content\/uploads\/2024\/12\/ecology-e1743152719961.png\" class=\"attachment-large size-large\" alt=\"\" srcset=\"https:\/\/aiquos.tech\/wp-content\/uploads\/2024\/12\/ecology-e1743152719961.png 450w, https:\/\/aiquos.tech\/wp-content\/uploads\/2024\/12\/ecology-e1743152719961-295x300.png 295w\" sizes=\"auto, (max-width: 450px) 100vw, 450px\" \/>\t\t\t\t\t\t\n\t\t\t\t\t<\/div>\n\t\t\t\t\t\t\t\t\n<style>\n#image_410044808 {\n  width: 47%;\n}\n<\/style>\n\t<\/div>\n\t\n\n\n\t\t<\/div>\n\t\t\t\t\n<style>\n#col-1659849949 > .col-inner {\n  padding: 0px 0px 0px 0px;\n  margin: 0px 0px -30px 0px;\n}\n@media (min-width:850px) {\n  #col-1659849949 > .col-inner {\n    margin: 0px 0px 0px 0px;\n  }\n}\n<\/style>\n\t<\/div>\n\n\t\n\n\t<div id=\"col-1498762340\" class=\"col medium-3 small-12 large-3\"  >\n\t\t\t\t<div class=\"col-inner\"  >\n\t\t\t\n\t\t\t\n\n\n\t\t<\/div>\n\t\t\t\t\t<\/div>\n\n\t\n\n<\/div>\n<h3>4. Inclusividad y sostenibilidad<\/h3>\n<ul>\n<li>Celebrar la diversidad y promover la inclusi\u00f3n<\/li>\n<li>Impulsar un impacto social y medioambiental positivo<\/li>\n<\/ul>\n\n\t\t<\/div>\n\t\t\t\t\t<\/div>\n\n\t\n\n<\/div>\n\n\t\t<\/div>\n\n\t\t\n<style>\n#section_1000976811 {\n  padding-top: 60px;\n  padding-bottom: 60px;\n  background-color: rgb(193, 193, 193);\n}\n#section_1000976811 .section-bg-overlay {\n  background-color: rgba(255, 255, 255, 0.85);\n}\n<\/style>\n\t<\/section>\n\t\n\n\t<section class=\"section\" id=\"section_428995357\">\n\t\t<div class=\"section-bg fill\" >\n\t\t\t\t\t\t\t\t\t<div class=\"section-bg-overlay absolute fill\"><\/div>\n\t\t\t\n\n\t\t<\/div>\n\n\t\t\n\n\t\t<div class=\"section-content relative\">\n\t\t\t\n\n\n\t\t<\/div>\n\n\t\t\n<style>\n#section_428995357 {\n  padding-top: 60px;\n  padding-bottom: 60px;\n  background-color: rgb(193, 193, 193);\n}\n#section_428995357 .section-bg-overlay {\n  background-color: rgba(255,255,255,.5);\n}\n<\/style>\n\t<\/section>\n\t\n\n","protected":false},"excerpt":{"rendered":"","protected":false},"author":1,"featured_media":0,"parent":0,"menu_order":0,"comment_status":"closed","ping_status":"closed","template":"page-blank.php","meta":{"footnotes":""},"class_list":["post-257","page","type-page","status-publish","hentry"],"yoast_head":"<!-- This site is optimized with the Yoast SEO plugin v24.9 - https:\/\/yoast.com\/wordpress\/plugins\/seo\/ -->\n<title>Sobre nosotros - AiQUOS<\/title>\n<meta name=\"robots\" content=\"index, follow, max-snippet:-1, max-image-preview:large, max-video-preview:-1\" \/>\n<link rel=\"canonical\" href=\"https:\/\/aiquos.tech\/es\/sobre-nosotros\/\" \/>\n<meta property=\"og:locale\" content=\"es_ES\" \/>\n<meta property=\"og:type\" content=\"article\" \/>\n<meta property=\"og:title\" content=\"Sobre nosotros - AiQUOS\" \/>\n<meta property=\"og:url\" content=\"https:\/\/aiquos.tech\/es\/sobre-nosotros\/\" \/>\n<meta property=\"og:site_name\" content=\"AiQUOS\" \/>\n<meta property=\"article:modified_time\" content=\"2026-01-10T10:21:35+00:00\" \/>\n<meta name=\"twitter:card\" content=\"summary_large_image\" \/>\n<meta name=\"twitter:label1\" content=\"Tiempo de lectura\" \/>\n\t<meta name=\"twitter:data1\" content=\"3 minutos\" \/>\n<script type=\"application\/ld+json\" class=\"yoast-schema-graph\">{\"@context\":\"https:\/\/schema.org\",\"@graph\":[{\"@type\":\"WebPage\",\"@id\":\"https:\/\/aiquos.tech\/es\/sobre-nosotros\/\",\"url\":\"https:\/\/aiquos.tech\/es\/sobre-nosotros\/\",\"name\":\"Sobre nosotros - AiQUOS\",\"isPartOf\":{\"@id\":\"https:\/\/aiquos.tech\/es\/#website\"},\"datePublished\":\"2024-11-11T14:06:14+00:00\",\"dateModified\":\"2026-01-10T10:21:35+00:00\",\"breadcrumb\":{\"@id\":\"https:\/\/aiquos.tech\/es\/sobre-nosotros\/#breadcrumb\"},\"inLanguage\":\"es\",\"potentialAction\":[{\"@type\":\"ReadAction\",\"target\":[\"https:\/\/aiquos.tech\/es\/sobre-nosotros\/\"]}]},{\"@type\":\"BreadcrumbList\",\"@id\":\"https:\/\/aiquos.tech\/es\/sobre-nosotros\/#breadcrumb\",\"itemListElement\":[{\"@type\":\"ListItem\",\"position\":1,\"name\":\"Portada\",\"item\":\"https:\/\/aiquos.tech\/es\/\"},{\"@type\":\"ListItem\",\"position\":2,\"name\":\"Sobre nosotros\"}]},{\"@type\":\"WebSite\",\"@id\":\"https:\/\/aiquos.tech\/es\/#website\",\"url\":\"https:\/\/aiquos.tech\/es\/\",\"name\":\"AiQUOS\",\"description\":\"Total Fluid analysis Anytime Anywhere\",\"potentialAction\":[{\"@type\":\"SearchAction\",\"target\":{\"@type\":\"EntryPoint\",\"urlTemplate\":\"https:\/\/aiquos.tech\/es\/?s={search_term_string}\"},\"query-input\":{\"@type\":\"PropertyValueSpecification\",\"valueRequired\":true,\"valueName\":\"search_term_string\"}}],\"inLanguage\":\"es\"}]}<\/script>\n<!-- \/ Yoast SEO plugin. -->","yoast_head_json":{"title":"Sobre nosotros - AiQUOS","robots":{"index":"index","follow":"follow","max-snippet":"max-snippet:-1","max-image-preview":"max-image-preview:large","max-video-preview":"max-video-preview:-1"},"canonical":"https:\/\/aiquos.tech\/es\/sobre-nosotros\/","og_locale":"es_ES","og_type":"article","og_title":"Sobre nosotros - AiQUOS","og_url":"https:\/\/aiquos.tech\/es\/sobre-nosotros\/","og_site_name":"AiQUOS","article_modified_time":"2026-01-10T10:21:35+00:00","twitter_card":"summary_large_image","twitter_misc":{"Tiempo de lectura":"3 minutos"},"schema":{"@context":"https:\/\/schema.org","@graph":[{"@type":"WebPage","@id":"https:\/\/aiquos.tech\/es\/sobre-nosotros\/","url":"https:\/\/aiquos.tech\/es\/sobre-nosotros\/","name":"Sobre nosotros - AiQUOS","isPartOf":{"@id":"https:\/\/aiquos.tech\/es\/#website"},"datePublished":"2024-11-11T14:06:14+00:00","dateModified":"2026-01-10T10:21:35+00:00","breadcrumb":{"@id":"https:\/\/aiquos.tech\/es\/sobre-nosotros\/#breadcrumb"},"inLanguage":"es","potentialAction":[{"@type":"ReadAction","target":["https:\/\/aiquos.tech\/es\/sobre-nosotros\/"]}]},{"@type":"BreadcrumbList","@id":"https:\/\/aiquos.tech\/es\/sobre-nosotros\/#breadcrumb","itemListElement":[{"@type":"ListItem","position":1,"name":"Portada","item":"https:\/\/aiquos.tech\/es\/"},{"@type":"ListItem","position":2,"name":"Sobre nosotros"}]},{"@type":"WebSite","@id":"https:\/\/aiquos.tech\/es\/#website","url":"https:\/\/aiquos.tech\/es\/","name":"AiQUOS","description":"Total Fluid analysis Anytime Anywhere","potentialAction":[{"@type":"SearchAction","target":{"@type":"EntryPoint","urlTemplate":"https:\/\/aiquos.tech\/es\/?s={search_term_string}"},"query-input":{"@type":"PropertyValueSpecification","valueRequired":true,"valueName":"search_term_string"}}],"inLanguage":"es"}]}},"_links":{"self":[{"href":"https:\/\/aiquos.tech\/es\/wp-json\/wp\/v2\/pages\/257","targetHints":{"allow":["GET"]}}],"collection":[{"href":"https:\/\/aiquos.tech\/es\/wp-json\/wp\/v2\/pages"}],"about":[{"href":"https:\/\/aiquos.tech\/es\/wp-json\/wp\/v2\/types\/page"}],"author":[{"embeddable":true,"href":"https:\/\/aiquos.tech\/es\/wp-json\/wp\/v2\/users\/1"}],"replies":[{"embeddable":true,"href":"https:\/\/aiquos.tech\/es\/wp-json\/wp\/v2\/comments?post=257"}],"version-history":[{"count":52,"href":"https:\/\/aiquos.tech\/es\/wp-json\/wp\/v2\/pages\/257\/revisions"}],"predecessor-version":[{"id":800,"href":"https:\/\/aiquos.tech\/es\/wp-json\/wp\/v2\/pages\/257\/revisions\/800"}],"wp:attachment":[{"href":"https:\/\/aiquos.tech\/es\/wp-json\/wp\/v2\/media?parent=257"}],"curies":[{"name":"wp","href":"https:\/\/api.w.org\/{rel}","templated":true}]}}