{"id":254,"date":"2024-10-30T14:27:57","date_gmt":"2024-10-30T14:27:57","guid":{"rendered":"https:\/\/aiquos.tech\/aiquos\/"},"modified":"2025-11-15T09:15:48","modified_gmt":"2025-11-15T09:15:48","slug":"aiquos","status":"publish","type":"page","link":"https:\/\/aiquos.tech\/es\/","title":{"rendered":"AiQUOS"},"content":{"rendered":"\n<div class=\"slider-wrapper relative\" id=\"slider-1450212210\" >\n    <div class=\"slider slider-nav-circle slider-nav-large slider-nav-light slider-style-normal\"\n        data-flickity-options='{\n            \"cellAlign\": \"center\",\n            \"imagesLoaded\": true,\n            \"lazyLoad\": 1,\n            \"freeScroll\": false,\n            \"wrapAround\": true,\n            \"autoPlay\": 6000,\n            \"pauseAutoPlayOnHover\" : true,\n            \"prevNextButtons\": true,\n            \"contain\" : true,\n            \"adaptiveHeight\" : true,\n            \"dragThreshold\" : 10,\n            \"percentPosition\": true,\n            \"pageDots\": true,\n            \"rightToLeft\": false,\n            \"draggable\": true,\n            \"selectedAttraction\": 0.1,\n            \"parallax\" : 0,\n            \"friction\": 0.6        }'\n        >\n        \n\n\n  <div class=\"banner has-hover\" id=\"banner-1813781338\">\n          <div class=\"banner-inner fill\">\n        <div class=\"banner-bg fill\" >\n            <img loading=\"lazy\" decoding=\"async\" width=\"1437\" height=\"839\" src=\"https:\/\/aiquos.tech\/wp-content\/uploads\/2024\/11\/Default_a_stylized_photo_of_a_microchip_falling_onto_a_calm_li_0-1.png\" class=\"bg attachment-original size-original\" alt=\"\" \/>                                    \n                    <\/div>\n\t\t\n        <div class=\"banner-layers container\">\n            <div class=\"fill banner-link\"><\/div>            \n\n   <div id=\"text-box-56176641\" class=\"text-box banner-layer x95 md-x95 lg-x100 y90 md-y85 lg-y50 res-text\">\n                                <div class=\"text-box-content text dark\">\n              \n              <div class=\"text-inner text-center\">\n                  \n\n\t<div id=\"text-2256492856\" class=\"text\">\n\t\t\n\n<h1 class=\"thin-font\" style=\"text-align: right;\">An\u00e1lisis total de fluidos,<\/h1>\n<h1 class=\"thin-font\" style=\"text-align: right;\">En cualquier momento,<\/h1>\n<h1 class=\"thin-font\" style=\"text-align: right;\">En cualquier lugar<\/h1>\n\t\t\n<style>\n#text-2256492856 {\n  font-size: 0.75rem;\n}\n@media (min-width:550px) {\n  #text-2256492856 {\n    font-size: 0.8rem;\n  }\n}\n@media (min-width:850px) {\n  #text-2256492856 {\n    font-size: 1.45rem;\n  }\n}\n<\/style>\n\t<\/div>\n\t\n\n              <\/div>\n           <\/div>\n                            \n<style>\n#text-box-56176641 {\n  width: 66%;\n}\n#text-box-56176641 .text-box-content {\n  font-size: 100%;\n}\n<\/style>\n    <\/div>\n \n\n        <\/div>\n      <\/div>\n\n            \n<style>\n#banner-1813781338 {\n  padding-top: 100%;\n}\n#banner-1813781338 .banner-bg img {\n  object-position: 37% 9%;\n}\n@media (min-width:550px) {\n  #banner-1813781338 {\n    padding-top: 56.25%;\n  }\n}\n<\/style>\n  <\/div>\n\n\n\n     <\/div>\n\n     <div class=\"loading-spin dark large centered\"><\/div>\n\n\t<\/div>\n\n\n\n\t<section class=\"section\" id=\"section_88711070\">\n\t\t<div class=\"section-bg fill\" >\n\t\t\t\t\t\t\t\t\t\n\t\t\t\n\n\t\t<\/div>\n\n\t\t\n\n\t\t<div class=\"section-content relative\">\n\t\t\t\n\n<div class=\"row row-collapse row-full-width align-equal\"  id=\"row-1594279161\">\n\n\n\t<div id=\"col-2147300801\" class=\"col hide-for-medium medium-6 small-12 large-6\"  >\n\t\t\t\t<div class=\"col-inner text-center\" style=\"background-color:#0088aa;\" >\n\t\t\t\n\t\t\t\n\n\t<div id=\"gap-1284875249\" class=\"gap-element clearfix\" style=\"display:block; height:auto;\">\n\t\t\n<style>\n#gap-1284875249 {\n  padding-top: 600px;\n}\n<\/style>\n\t<\/div>\n\t\n\n\n\t\t<\/div>\n\t\t\t\t\n<style>\n#col-2147300801 > .col-inner {\n  padding: 10% 20% 0px 30%;\n}\n<\/style>\n\t<\/div>\n\n\t\n\n\t<div id=\"col-1473121203\" class=\"col medium-6 small-12 large-6\"  >\n\t\t\t\t<div class=\"col-inner text-center\" style=\"background-color:rgb(255,255,255);\" >\n\t\t\t\n\t\t\t\n\n\t<div id=\"gap-71402065\" class=\"gap-element clearfix\" style=\"display:block; height:auto;\">\n\t\t\n<style>\n#gap-71402065 {\n  padding-top: 50px;\n}\n<\/style>\n\t<\/div>\n\t\n\n\t<div id=\"text-2044534710\" class=\"text\">\n\t\t\n\n<h2 class=\"thin-font\" style=\"text-align: left;\">AiQUOS es una tecnolog\u00eda microelectr\u00f3nica de vanguardia<\/h2>\n\t\t\n<style>\n#text-2044534710 {\n  font-size: 1.05rem;\n}\n<\/style>\n\t<\/div>\n\t\n\t<div id=\"gap-1745911909\" class=\"gap-element clearfix\" style=\"display:block; height:auto;\">\n\t\t\n<style>\n#gap-1745911909 {\n  padding-top: 30px;\n}\n<\/style>\n\t<\/div>\n\t\n\n\t<div id=\"text-2237096920\" class=\"text\">\n\t\t\n\n<p>AiQUOS es una empresa de tecnolog\u00eda microelectr\u00f3nica de vanguardia que proporciona microdispositivos de detecci\u00f3n electroqu\u00edmica para una monitorizaci\u00f3n y un control totales de los medios acuosos. La tecnolog\u00eda AiQUOS es la \u00fanica que permite la miniaturizaci\u00f3n de cientos de sensores (bio)qu\u00edmicos, instrumentaci\u00f3n de medida e inteligencia neurom\u00f3rfica en un \u00fanico chip aut\u00f3nomo, ofreciendo las funcionalidades de un laboratorio anal\u00edtico completo donde y cuando lo necesite.<\/p>\n<p>Nuestros primeros productos est\u00e1n dirigidos a controlar la calidad del agua en procesos industriales como la acuicultura de precisi\u00f3n, la hidropon\u00eda y el tratamiento de aguas potables y residuales.<\/p>\n\t\t\n<style>\n#text-2237096920 {\n  text-align: left;\n}\n<\/style>\n\t<\/div>\n\t\n<a href=\"https:\/\/aiquos.tech\/es\/ponte-en-contacto-con\/\" class=\"button primary\"  >\n\t\t<span>CONT\u00c1CTENOS<\/span>\n\t<\/a>\n\n\n\n\t\t<\/div>\n\t\t\t\t\n<style>\n#col-1473121203 > .col-inner {\n  padding: 8% 15px 0px 15px;\n  max-width: 520px;\n}\n@media (min-width:550px) {\n  #col-1473121203 > .col-inner {\n    padding: 8% 0px 10% 10%;\n  }\n}\n<\/style>\n\t<\/div>\n\n\t\n\n\n<style>\n#row-1594279161 > .col > .col-inner {\n  background-color: #0088aa;\n}\n<\/style>\n<\/div>\n<div class=\"row row-full-width hide-for-medium\"  id=\"row-504965931\">\n\n\n\t<div id=\"col-1147397912\" class=\"col medium-6 small-12 large-6\"  >\n\t\t\t\t<div class=\"col-inner\"  >\n\t\t\t\n\t\t\t\n\n\t<div class=\"img has-hover x md-x lg-x y md-y lg-y\" id=\"image_799262723\">\n\t\t\t\t\t\t\t\t<div class=\"img-inner dark\" style=\"margin:-600px 0px 0px 0px;\">\n\t\t\t<img loading=\"lazy\" decoding=\"async\" width=\"545\" height=\"818\" src=\"https:\/\/aiquos.tech\/wp-content\/uploads\/2024\/11\/pexels-pixabay-33352-1.png\" class=\"attachment-original size-original\" alt=\"\" srcset=\"https:\/\/aiquos.tech\/wp-content\/uploads\/2024\/11\/pexels-pixabay-33352-1.png 545w, https:\/\/aiquos.tech\/wp-content\/uploads\/2024\/11\/pexels-pixabay-33352-1-200x300.png 200w\" sizes=\"auto, (max-width: 545px) 100vw, 545px\" \/>\t\t\t\t\t\t\n\t\t\t\t\t<\/div>\n\t\t\t\t\t\t\t\t\n<style>\n#image_799262723 {\n  width: 93%;\n}\n<\/style>\n\t<\/div>\n\t\n\n\n\t\t<\/div>\n\t\t\t\t\n<style>\n#col-1147397912 > .col-inner {\n  padding: 0px 0px 0px 0px;\n}\n@media (min-width:550px) {\n  #col-1147397912 > .col-inner {\n    padding: 0px 50px 0px 15%;\n  }\n}\n<\/style>\n\t<\/div>\n\n\t\n\n<\/div>\n\n\t\t<\/div>\n\n\t\t\n<style>\n#section_88711070 {\n  padding-top: 0px;\n  padding-bottom: 0px;\n}\n<\/style>\n\t<\/section>\n\t\n<div class=\"row align-middle align-center\"  id=\"row-1723186544\">\n\n\n\t<div id=\"col-1356220216\" class=\"col medium-8 small-12 large-8\"  >\n\t\t\t\t<div class=\"col-inner text-center\"  >\n\t\t\t\n\t\t\t\n\n<h2 class=\"thin-font\" style=\"text-align: center;\">Qu\u00e9 esperar<\/h2>\n<p style=\"text-align: center;\">Nuestra tecnolog\u00eda le permite analizar y gestionar m\u00faltiples par\u00e1metros personalizables del medio acuoso, con un mantenimiento m\u00ednimo y una autonom\u00eda computacional y energ\u00e9tica sin igual. Tanto si gestiona procesos industriales\/agroalimentarios, suministros de agua municipales o monitorizaci\u00f3n medioambiental, AiQUOS est\u00e1 dise\u00f1ado para satisfacer sus necesidades con informaci\u00f3n a medida y en tiempo real, manteniendo sus datos seguros por dise\u00f1o.<\/p>\n\n\t\t<\/div>\n\t\t\t\t\t<\/div>\n\n\t\n\n<\/div>\n\t<div id=\"gap-437691607\" class=\"gap-element clearfix\" style=\"display:block; height:auto;\">\n\t\t\n<style>\n#gap-437691607 {\n  padding-top: 60px;\n}\n<\/style>\n\t<\/div>\n\t\n\n\n\t<section class=\"section\" id=\"section_384248565\">\n\t\t<div class=\"section-bg fill\" >\n\t\t\t\t\t\t\t\t\t\n\t\t\t\n\n\t\t<\/div>\n\n\t\t\n\n\t\t<div class=\"section-content relative\">\n\t\t\t\n\n<div class=\"row\"  id=\"row-91537949\">\n\n\n\t<div id=\"col-567178037\" class=\"col small-12 large-12\"  >\n\t\t\t\t<div class=\"col-inner box-shadow-4\" style=\"background-color:rgb(255,255,255);\" >\n\t\t\t\n\t\t\t\n\n<div class=\"row\"  id=\"row-1205288284\">\n\n\n\t<div id=\"col-1601189395\" class=\"col medium-4 small-12 large-4\"  >\n\t\t\t\t<div class=\"col-inner text-center\"  >\n\t\t\t\n\t\t\t\n\n\t<div id=\"gap-345646782\" class=\"gap-element clearfix\" style=\"display:block; height:auto;\">\n\t\t\n<style>\n#gap-345646782 {\n  padding-top: 30px;\n}\n<\/style>\n\t<\/div>\n\t\n\n\t<div class=\"img has-hover x md-x lg-x y md-y lg-y\" id=\"image_398007027\">\n\t\t\t\t\t\t\t\t<div class=\"img-inner image-cover dark\" style=\"padding-top:100%;\">\n\t\t\t<img loading=\"lazy\" decoding=\"async\" width=\"117\" height=\"117\" src=\"https:\/\/aiquos.tech\/wp-content\/uploads\/2024\/11\/customer-relationship-management-1.png\" class=\"attachment-original size-original\" alt=\"\" \/>\t\t\t\t\t\t\n\t\t\t\t\t<\/div>\n\t\t\t\t\t\t\t\t\n<style>\n#image_398007027 {\n  width: 29%;\n}\n<\/style>\n\t<\/div>\n\t\n\n\t<div id=\"gap-988251643\" class=\"gap-element clearfix\" style=\"display:block; height:auto;\">\n\t\t\n<style>\n#gap-988251643 {\n  padding-top: 30px;\n}\n<\/style>\n\t<\/div>\n\t\n\n<p><strong>Consultas personalizadas<\/strong><\/p>\n<p>Nuestros expertos revisar\u00e1n sus necesidades y le ofrecer\u00e1n las soluciones a medida que mejor se adapten a sus objetivos.<\/p>\n\n\t\t<\/div>\n\t\t\t\t\n<style>\n#col-1601189395 > .col-inner {\n  padding: 0px 5% 0px 5%;\n}\n<\/style>\n\t<\/div>\n\n\t\n\n\t<div id=\"col-665966237\" class=\"col medium-4 small-12 large-4\"  >\n\t\t\t\t<div class=\"col-inner text-center\"  >\n\t\t\t\n\t\t\t\n\n\t<div id=\"gap-1386256484\" class=\"gap-element clearfix\" style=\"display:block; height:auto;\">\n\t\t\n<style>\n#gap-1386256484 {\n  padding-top: 30px;\n}\n<\/style>\n\t<\/div>\n\t\n\n\t<div class=\"img has-hover x md-x lg-x y md-y lg-y\" id=\"image_938702777\">\n\t\t\t\t\t\t\t\t<div class=\"img-inner image-cover dark\" style=\"padding-top:100%;\">\n\t\t\t<img loading=\"lazy\" decoding=\"async\" width=\"117\" height=\"117\" src=\"https:\/\/aiquos.tech\/wp-content\/uploads\/2024\/11\/control-de-acceso-1.png\" class=\"attachment-original size-original\" alt=\"\" \/>\t\t\t\t\t\t\n\t\t\t\t\t<\/div>\n\t\t\t\t\t\t\t\t\n<style>\n#image_938702777 {\n  width: 29%;\n}\n<\/style>\n\t<\/div>\n\t\n\n\t<div id=\"gap-1228531210\" class=\"gap-element clearfix\" style=\"display:block; height:auto;\">\n\t\t\n<style>\n#gap-1228531210 {\n  padding-top: 30px;\n}\n<\/style>\n\t<\/div>\n\t\n\n<p><strong>Acceso exclusivo<\/strong><\/p>\n<p>Obtenga acceso anticipado a las \u00faltimas actualizaciones de AiQUOS, lanzamientos de productos y noticias del sector.<\/p>\n\n\t\t<\/div>\n\t\t\t\t\n<style>\n#col-665966237 > .col-inner {\n  padding: 0px 5% 0px 5%;\n}\n<\/style>\n\t<\/div>\n\n\t\n\n\t<div id=\"col-1570660823\" class=\"col medium-4 small-12 large-4\"  >\n\t\t\t\t<div class=\"col-inner text-center\"  >\n\t\t\t\n\t\t\t\n\n\t<div id=\"gap-60204967\" class=\"gap-element clearfix\" style=\"display:block; height:auto;\">\n\t\t\n<style>\n#gap-60204967 {\n  padding-top: 30px;\n}\n<\/style>\n\t<\/div>\n\t\n\n\t<div class=\"img has-hover x md-x lg-x y md-y lg-y\" id=\"image_997724355\">\n\t\t\t\t\t\t\t\t<div class=\"img-inner image-cover dark\" style=\"padding-top:100%;\">\n\t\t\t<img loading=\"lazy\" decoding=\"async\" width=\"117\" height=\"117\" src=\"https:\/\/aiquos.tech\/wp-content\/uploads\/2024\/11\/encriptado-1.png\" class=\"attachment-original size-original\" alt=\"\" \/>\t\t\t\t\t\t\n\t\t\t\t\t<\/div>\n\t\t\t\t\t\t\t\t\n<style>\n#image_997724355 {\n  width: 29%;\n}\n<\/style>\n\t<\/div>\n\t\n\n\t<div id=\"gap-73147353\" class=\"gap-element clearfix\" style=\"display:block; height:auto;\">\n\t\t\n<style>\n#gap-73147353 {\n  padding-top: 30px;\n}\n<\/style>\n\t<\/div>\n\t\n\n<p><strong>Decisiones basadas en datos de medida<\/strong><\/p>\n<p>Descubra c\u00f3mo AiQUOS puede ayudarle a aprovechar los datos de medida para mejorar la gesti\u00f3n de la calidad y el rendimiento industrial.<\/p>\n\n\t\t<\/div>\n\t\t\t\t\n<style>\n#col-1570660823 > .col-inner {\n  padding: 0px 5% 0px 5%;\n}\n<\/style>\n\t<\/div>\n\n\t\n\n<\/div>\n\n\t\t<\/div>\n\t\t\t\t\n<style>\n#col-567178037 > .col-inner {\n  margin: -100px 0px 0px 0px;\n}\n<\/style>\n\t<\/div>\n\n\t\n\n<\/div>\n\n\t\t<\/div>\n\n\t\t\n<style>\n#section_384248565 {\n  padding-top: 60px;\n  padding-bottom: 60px;\n  background-color: rgb(237, 237, 237);\n}\n<\/style>\n\t<\/section>\n\t\n\t<div id=\"gap-529153211\" class=\"gap-element clearfix\" style=\"display:block; height:auto;\">\n\t\t\n<style>\n#gap-529153211 {\n  padding-top: 0px;\n}\n@media (min-width:550px) {\n  #gap-529153211 {\n    padding-top: 60px;\n  }\n}\n<\/style>\n\t<\/div>\n\t\n\n\n\t<section class=\"section\" id=\"section_1905645655\">\n\t\t<div class=\"section-bg fill\" >\n\t\t\t<img loading=\"lazy\" decoding=\"async\" width=\"1440\" height=\"420\" src=\"https:\/\/aiquos.tech\/wp-content\/uploads\/2024\/11\/Group-7-1.png\" class=\"bg attachment-original size-original\" alt=\"\" \/>\t\t\t\t\t\t\n\t\t\t\n\n\t\t<\/div>\n\n\t\t\n\n\t\t<div class=\"section-content relative\">\n\t\t\t\n\n<div class=\"row align-middle align-center\"  id=\"row-934217158\">\n\n\n\t<div id=\"col-1445053284\" class=\"col medium-6 small-12 large-6\"  >\n\t\t\t\t<div class=\"col-inner\"  >\n\t\t\t\n\t\t\t\n\n\t<div id=\"gap-1733125199\" class=\"gap-element clearfix\" style=\"display:block; height:auto;\">\n\t\t\n<style>\n#gap-1733125199 {\n  padding-top: 30px;\n}\n<\/style>\n\t<\/div>\n\t\n\n\t<div class=\"img has-hover x md-x lg-x y md-y lg-y\" id=\"image_473345788\">\n\t\t\t\t\t\t\t\t<div class=\"img-inner dark\" >\n\t\t\t<img loading=\"lazy\" decoding=\"async\" width=\"1020\" height=\"236\" src=\"https:\/\/aiquos.tech\/wp-content\/uploads\/2024\/11\/aiquos-Total-Fluid-Analysis207-1024x237.png\" class=\"attachment-large size-large\" alt=\"\" srcset=\"https:\/\/aiquos.tech\/wp-content\/uploads\/2024\/11\/aiquos-Total-Fluid-Analysis207-1024x237.png 1024w, https:\/\/aiquos.tech\/wp-content\/uploads\/2024\/11\/aiquos-Total-Fluid-Analysis207-300x69.png 300w, https:\/\/aiquos.tech\/wp-content\/uploads\/2024\/11\/aiquos-Total-Fluid-Analysis207-768x177.png 768w, https:\/\/aiquos.tech\/wp-content\/uploads\/2024\/11\/aiquos-Total-Fluid-Analysis207-1536x355.png 1536w, https:\/\/aiquos.tech\/wp-content\/uploads\/2024\/11\/aiquos-Total-Fluid-Analysis207.png 1922w\" sizes=\"auto, (max-width: 1020px) 100vw, 1020px\" \/>\t\t\t\t\t\t\n\t\t\t\t\t<\/div>\n\t\t\t\t\t\t\t\t\n<style>\n#image_473345788 {\n  width: 100%;\n}\n<\/style>\n\t<\/div>\n\t\n\n\n\t\t<\/div>\n\t\t\t\t\t<\/div>\n\n\t\n\n\t<div id=\"col-1185252353\" class=\"col medium-6 small-12 large-6\"  >\n\t\t\t\t<div class=\"col-inner\"  >\n\t\t\t\n\t\t\t\n\n\n\t\t<\/div>\n\t\t\t\t\t<\/div>\n\n\t\n\n<\/div>\n\n\t\t<\/div>\n\n\t\t\n<style>\n#section_1905645655 {\n  padding-top: 30px;\n  padding-bottom: 30px;\n}\n#section_1905645655 .section-bg img {\n  object-position: 85% 29%;\n}\n<\/style>\n\t<\/section>\n\t\n\n\t<section class=\"section\" id=\"section_1748025084\">\n\t\t<div class=\"section-bg fill\" >\n\t\t\t\t\t\t\t\t\t\n\t\t\t\n\n\t\t<\/div>\n\n\t\t\n\n\t\t<div class=\"section-content relative\">\n\t\t\t\n\n<div class=\"row\"  id=\"row-152165\">\n\n\n\t<div id=\"col-760155070\" class=\"col medium-6 small-12 large-6\"  >\n\t\t\t\t<div class=\"col-inner\"  >\n\t\t\t\n\t\t\t\n\n\t<div id=\"text-2426211527\" class=\"text\">\n\t\t\n\n<h2 class=\"thin-font\">Descubra el futuro de la monitorizaci\u00f3n de fluidos con AiQUOS<\/h2>\n\t\t\n<style>\n#text-2426211527 {\n  font-size: 1.5rem;\n}\n<\/style>\n\t<\/div>\n\t\n\t<div id=\"gap-1568670692\" class=\"gap-element clearfix\" style=\"display:block; height:auto;\">\n\t\t\n<style>\n#gap-1568670692 {\n  padding-top: 30px;\n}\n<\/style>\n\t<\/div>\n\t\n\n<p>Gracias por su inter\u00e9s en AiQUOS, donde la inteligencia artificial de vanguardia se une a la innovaci\u00f3n en monitorizaci\u00f3n de l\u00edquidos. Al rellenar este formulario est\u00e1 dando el primer paso para optimizar sus sistemas de gesti\u00f3n con nuestras soluciones de vanguardia basadas en IA.<\/p>\n<p>Por favor, complete el siguiente formulario y uno de nuestros especialistas se pondr\u00e1 en contacto con usted en breve para discutir c\u00f3mo AiQUOS puede elevar sus iniciativas industriales.<\/p>\n\n\t\t<\/div>\n\t\t\t\t\n<style>\n#col-760155070 > .col-inner {\n  padding: 0px 50px 0px 0px;\n}\n<\/style>\n\t<\/div>\n\n\t\n\n\t<div id=\"col-1190132579\" class=\"col medium-6 small-12 large-6\"  >\n\t\t\t\t<div class=\"col-inner box-shadow-3\" style=\"background-color:rgb(255,255,255);\" >\n\t\t\t\n\t\t\t\n\n\t<div id=\"text-611653772\" class=\"text\">\n\t\t\n\n<p>Contacte con nosotros<\/p>\n\t\t\n<style>\n#text-611653772 {\n  font-size: 1.55rem;\n}\n<\/style>\n\t<\/div>\n\t\n\n<div class=\"wpcf7 no-js\" id=\"wpcf7-f613-o1\" lang=\"en-US\" dir=\"ltr\" data-wpcf7-id=\"613\">\n<div class=\"screen-reader-response\"><p role=\"status\" aria-live=\"polite\" aria-atomic=\"true\"><\/p> <ul><\/ul><\/div>\n<form action=\"\/es\/wp-json\/wp\/v2\/pages\/254#wpcf7-f613-o1\" method=\"post\" class=\"wpcf7-form init\" aria-label=\"Contact form\" novalidate=\"novalidate\" data-status=\"init\">\n<div style=\"display: none;\">\n<input type=\"hidden\" name=\"_wpcf7\" value=\"613\" \/>\n<input type=\"hidden\" name=\"_wpcf7_version\" value=\"6.0.6\" \/>\n<input type=\"hidden\" name=\"_wpcf7_locale\" value=\"en_US\" \/>\n<input type=\"hidden\" name=\"_wpcf7_unit_tag\" value=\"wpcf7-f613-o1\" \/>\n<input type=\"hidden\" name=\"_wpcf7_container_post\" value=\"0\" \/>\n<input type=\"hidden\" name=\"_wpcf7_posted_data_hash\" value=\"\" \/>\n<\/div>\n<p><label> Nombre<br \/>\n<span class=\"wpcf7-form-control-wrap\" data-name=\"your-name\"><input size=\"40\" maxlength=\"400\" class=\"wpcf7-form-control wpcf7-text wpcf7-validates-as-required\" autocomplete=\"name\" aria-required=\"true\" aria-invalid=\"false\" value=\"\" type=\"text\" name=\"your-name\" \/><\/span> <\/label>\n<\/p>\n<p><label> Correo electr\u00f3nico<br \/>\n<span class=\"wpcf7-form-control-wrap\" data-name=\"your-email\"><input size=\"40\" maxlength=\"400\" class=\"wpcf7-form-control wpcf7-email wpcf7-validates-as-required wpcf7-text wpcf7-validates-as-email\" autocomplete=\"email\" aria-required=\"true\" aria-invalid=\"false\" value=\"\" type=\"email\" name=\"your-email\" \/><\/span> <\/label>\n<\/p>\n<p><label> Asunto<br \/>\n<span class=\"wpcf7-form-control-wrap\" data-name=\"your-subject\"><input size=\"40\" maxlength=\"400\" class=\"wpcf7-form-control wpcf7-text wpcf7-validates-as-required\" aria-required=\"true\" aria-invalid=\"false\" value=\"\" type=\"text\" name=\"your-subject\" \/><\/span> <\/label>\n<\/p>\n<p><label> Mensaje (opcional)<br \/>\n<span class=\"wpcf7-form-control-wrap\" data-name=\"your-message\"><textarea cols=\"40\" rows=\"10\" maxlength=\"2000\" class=\"wpcf7-form-control wpcf7-textarea\" aria-invalid=\"false\" name=\"your-message\"><\/textarea><\/span> <\/label>\n<\/p>\n<p><label> <span class=\"wpcf7-form-control-wrap\" data-name=\"acceptance-825\"><span class=\"wpcf7-form-control wpcf7-acceptance optional\"><span class=\"wpcf7-list-item\"><label><input type=\"checkbox\" name=\"acceptance-825\" value=\"1\" aria-invalid=\"false\" \/><span class=\"wpcf7-list-item-label\">He le\u00eddo y acepto la <a href=\"https:\/\/aiquos.tech\/wp-content\/uploads\/2025\/03\/politicaPrivacidadDatos-7.pdf\">pol\u00edtica de privacidad<\/a> de AiQUOS<\/span><\/label><\/span><\/span><\/span><\/label><br \/>\n<label> <span class=\"wpcf7-form-control-wrap\" data-name=\"acceptance-826\"><span class=\"wpcf7-form-control wpcf7-acceptance optional\"><span class=\"wpcf7-list-item\"><label><input type=\"checkbox\" name=\"acceptance-826\" value=\"1\" aria-invalid=\"false\" \/><span class=\"wpcf7-list-item-label\">Acepto recibir notificaciones comerciales por parte de AiQUOS<\/span><\/label><\/span><\/span><\/span><\/label>\n<\/p>\n<p><input class=\"wpcf7-form-control wpcf7-submit has-spinner\" type=\"submit\" value=\"Enviar\" \/>\n<\/p><div class=\"wpcf7-response-output\" aria-hidden=\"true\"><\/div>\n<\/form>\n<\/div>\n\n\n\n\t\t<\/div>\n\t\t\t\t\n<style>\n#col-1190132579 > .col-inner {\n  padding: 10% 10% 10% 10%;\n  margin: 0px 0px 0px 0px;\n}\n@media (min-width:550px) {\n  #col-1190132579 > .col-inner {\n    margin: -125px 0px 0px 0px;\n  }\n}\n<\/style>\n\t<\/div>\n\n\t\n\n<\/div>\n\n\t\t<\/div>\n\n\t\t\n<style>\n#section_1748025084 {\n  padding-top: 30px;\n  padding-bottom: 30px;\n}\n<\/style>\n\t<\/section>\n\t\n\n","protected":false},"excerpt":{"rendered":"","protected":false},"author":1,"featured_media":0,"parent":0,"menu_order":0,"comment_status":"closed","ping_status":"open","template":"page-transparent-header-light.php","meta":{"footnotes":""},"class_list":["post-254","page","type-page","status-publish","hentry"],"yoast_head":"<!-- This site is optimized with the Yoast SEO plugin v24.9 - https:\/\/yoast.com\/wordpress\/plugins\/seo\/ -->\n<title>AiQUOS - AiQUOS<\/title>\n<meta name=\"robots\" content=\"index, follow, max-snippet:-1, max-image-preview:large, max-video-preview:-1\" \/>\n<link rel=\"canonical\" href=\"https:\/\/aiquos.tech\/es\/\" \/>\n<meta property=\"og:locale\" content=\"es_ES\" \/>\n<meta property=\"og:type\" content=\"article\" \/>\n<meta property=\"og:title\" content=\"AiQUOS - AiQUOS\" \/>\n<meta property=\"og:url\" content=\"https:\/\/aiquos.tech\/es\/\" \/>\n<meta property=\"og:site_name\" content=\"AiQUOS\" \/>\n<meta property=\"article:modified_time\" content=\"2025-11-15T09:15:48+00:00\" \/>\n<meta name=\"twitter:card\" content=\"summary_large_image\" \/>\n<meta name=\"twitter:label1\" content=\"Tiempo de lectura\" \/>\n\t<meta name=\"twitter:data1\" content=\"3 minutos\" \/>\n<script type=\"application\/ld+json\" class=\"yoast-schema-graph\">{\"@context\":\"https:\/\/schema.org\",\"@graph\":[{\"@type\":\"WebPage\",\"@id\":\"https:\/\/aiquos.tech\/es\/\",\"url\":\"https:\/\/aiquos.tech\/es\/\",\"name\":\"AiQUOS - AiQUOS\",\"isPartOf\":{\"@id\":\"https:\/\/aiquos.tech\/es\/#website\"},\"datePublished\":\"2024-10-30T14:27:57+00:00\",\"dateModified\":\"2025-11-15T09:15:48+00:00\",\"breadcrumb\":{\"@id\":\"https:\/\/aiquos.tech\/es\/#breadcrumb\"},\"inLanguage\":\"es\",\"potentialAction\":[{\"@type\":\"ReadAction\",\"target\":[\"https:\/\/aiquos.tech\/es\/\"]}]},{\"@type\":\"BreadcrumbList\",\"@id\":\"https:\/\/aiquos.tech\/es\/#breadcrumb\",\"itemListElement\":[{\"@type\":\"ListItem\",\"position\":1,\"name\":\"Portada\",\"item\":\"https:\/\/aiquos.tech\/es\/\"},{\"@type\":\"ListItem\",\"position\":2,\"name\":\"AiQUOS\"}]},{\"@type\":\"WebSite\",\"@id\":\"https:\/\/aiquos.tech\/es\/#website\",\"url\":\"https:\/\/aiquos.tech\/es\/\",\"name\":\"AiQUOS\",\"description\":\"Total Fluid analysis Anytime Anywhere\",\"potentialAction\":[{\"@type\":\"SearchAction\",\"target\":{\"@type\":\"EntryPoint\",\"urlTemplate\":\"https:\/\/aiquos.tech\/es\/?s={search_term_string}\"},\"query-input\":{\"@type\":\"PropertyValueSpecification\",\"valueRequired\":true,\"valueName\":\"search_term_string\"}}],\"inLanguage\":\"es\"}]}<\/script>\n<!-- \/ Yoast SEO plugin. -->","yoast_head_json":{"title":"AiQUOS - AiQUOS","robots":{"index":"index","follow":"follow","max-snippet":"max-snippet:-1","max-image-preview":"max-image-preview:large","max-video-preview":"max-video-preview:-1"},"canonical":"https:\/\/aiquos.tech\/es\/","og_locale":"es_ES","og_type":"article","og_title":"AiQUOS - AiQUOS","og_url":"https:\/\/aiquos.tech\/es\/","og_site_name":"AiQUOS","article_modified_time":"2025-11-15T09:15:48+00:00","twitter_card":"summary_large_image","twitter_misc":{"Tiempo de lectura":"3 minutos"},"schema":{"@context":"https:\/\/schema.org","@graph":[{"@type":"WebPage","@id":"https:\/\/aiquos.tech\/es\/","url":"https:\/\/aiquos.tech\/es\/","name":"AiQUOS - AiQUOS","isPartOf":{"@id":"https:\/\/aiquos.tech\/es\/#website"},"datePublished":"2024-10-30T14:27:57+00:00","dateModified":"2025-11-15T09:15:48+00:00","breadcrumb":{"@id":"https:\/\/aiquos.tech\/es\/#breadcrumb"},"inLanguage":"es","potentialAction":[{"@type":"ReadAction","target":["https:\/\/aiquos.tech\/es\/"]}]},{"@type":"BreadcrumbList","@id":"https:\/\/aiquos.tech\/es\/#breadcrumb","itemListElement":[{"@type":"ListItem","position":1,"name":"Portada","item":"https:\/\/aiquos.tech\/es\/"},{"@type":"ListItem","position":2,"name":"AiQUOS"}]},{"@type":"WebSite","@id":"https:\/\/aiquos.tech\/es\/#website","url":"https:\/\/aiquos.tech\/es\/","name":"AiQUOS","description":"Total Fluid analysis Anytime Anywhere","potentialAction":[{"@type":"SearchAction","target":{"@type":"EntryPoint","urlTemplate":"https:\/\/aiquos.tech\/es\/?s={search_term_string}"},"query-input":{"@type":"PropertyValueSpecification","valueRequired":true,"valueName":"search_term_string"}}],"inLanguage":"es"}]}},"_links":{"self":[{"href":"https:\/\/aiquos.tech\/es\/wp-json\/wp\/v2\/pages\/254","targetHints":{"allow":["GET"]}}],"collection":[{"href":"https:\/\/aiquos.tech\/es\/wp-json\/wp\/v2\/pages"}],"about":[{"href":"https:\/\/aiquos.tech\/es\/wp-json\/wp\/v2\/types\/page"}],"author":[{"embeddable":true,"href":"https:\/\/aiquos.tech\/es\/wp-json\/wp\/v2\/users\/1"}],"replies":[{"embeddable":true,"href":"https:\/\/aiquos.tech\/es\/wp-json\/wp\/v2\/comments?post=254"}],"version-history":[{"count":49,"href":"https:\/\/aiquos.tech\/es\/wp-json\/wp\/v2\/pages\/254\/revisions"}],"predecessor-version":[{"id":791,"href":"https:\/\/aiquos.tech\/es\/wp-json\/wp\/v2\/pages\/254\/revisions\/791"}],"wp:attachment":[{"href":"https:\/\/aiquos.tech\/es\/wp-json\/wp\/v2\/media?parent=254"}],"curies":[{"name":"wp","href":"https:\/\/api.w.org\/{rel}","templated":true}]}}