{"id":250,"date":"2024-11-11T14:06:33","date_gmt":"2024-11-11T14:06:33","guid":{"rendered":"https:\/\/aiquos.tech\/equipo\/"},"modified":"2025-09-26T09:38:31","modified_gmt":"2025-09-26T09:38:31","slug":"equipo","status":"publish","type":"page","link":"https:\/\/aiquos.tech\/es\/equipo\/","title":{"rendered":"Equipo"},"content":{"rendered":"\n<div class=\"slider-wrapper relative\" id=\"slider-1460325065\" >\n    <div class=\"slider slider-nav-circle slider-nav-large slider-nav-light slider-style-normal\"\n        data-flickity-options='{\n            \"cellAlign\": \"center\",\n            \"imagesLoaded\": true,\n            \"lazyLoad\": 1,\n            \"freeScroll\": false,\n            \"wrapAround\": true,\n            \"autoPlay\": 6000,\n            \"pauseAutoPlayOnHover\" : true,\n            \"prevNextButtons\": true,\n            \"contain\" : true,\n            \"adaptiveHeight\" : true,\n            \"dragThreshold\" : 10,\n            \"percentPosition\": true,\n            \"pageDots\": true,\n            \"rightToLeft\": false,\n            \"draggable\": true,\n            \"selectedAttraction\": 0.1,\n            \"parallax\" : 0,\n            \"friction\": 0.6        }'\n        >\n        \n\n\n  <div class=\"banner has-hover\" id=\"banner-2033550504\">\n          <div class=\"banner-inner fill\">\n        <div class=\"banner-bg fill\" >\n            <img loading=\"lazy\" decoding=\"async\" width=\"1437\" height=\"839\" src=\"https:\/\/aiquos.tech\/wp-content\/uploads\/2024\/11\/Default_a_stylized_photo_of_a_microchip_falling_onto_a_calm_li_0-1.png\" class=\"bg attachment-original size-original\" alt=\"\" \/>                                    \n                    <\/div>\n\t\t\n        <div class=\"banner-layers container\">\n            <div class=\"fill banner-link\"><\/div>            \n\n   <div id=\"text-box-2090871757\" class=\"text-box banner-layer x95 md-x100 lg-x100 y90 md-y70 lg-y70 res-text\">\n                                <div class=\"text-box-content text dark\">\n              \n              <div class=\"text-inner text-center\">\n                  \n\n\t<div id=\"text-2525130557\" class=\"text\">\n\t\t\n\n<h1 class=\"uppercase\"><b>Equipo<\/b><\/h1>\n<h3>Conoce al equipo de AiQUOS<\/h3>\n<h3>An\u00e1lisis total de fluidos, en cualquier momento y lugar<\/h3>\n\t\t\n<style>\n#text-2525130557 {\n  text-align: right;\n}\n<\/style>\n\t<\/div>\n\t\n\n              <\/div>\n           <\/div>\n                            \n<style>\n#text-box-2090871757 {\n  width: 82%;\n}\n#text-box-2090871757 .text-box-content {\n  font-size: 100%;\n}\n@media (min-width:550px) {\n  #text-box-2090871757 {\n    width: 60%;\n  }\n}\n<\/style>\n    <\/div>\n \n\n        <\/div>\n      <\/div>\n\n            \n<style>\n#banner-2033550504 {\n  padding-top: 444px;\n}\n#banner-2033550504 .banner-bg img {\n  object-position: 39% 47%;\n}\n<\/style>\n  <\/div>\n\n\n\n     <\/div>\n\n     <div class=\"loading-spin dark large centered\"><\/div>\n\n\t<\/div>\n\n\n\t<div id=\"gap-1972657033\" class=\"gap-element clearfix\" style=\"display:block; height:auto;\">\n\t\t\n<style>\n#gap-1972657033 {\n  padding-top: 40px;\n}\n<\/style>\n\t<\/div>\n\t\n\n<div class=\"row\"  id=\"row-1390692527\">\n\n\n\t<div id=\"col-837472800\" class=\"col medium-4 small-12 large-4\"  >\n\t\t\t\t<div class=\"col-inner\"  >\n\t\t\t\n\t\t\t\n\n    <div class=\"box has-hover has-hover box-bounce box-text-bottom\" >\n\n                  <div class=\"box-image \" style=\"width:70%;\">\n           <div class=\"box-image-inner image-cover\" style=\"border-radius:100%;padding-top:100%;\">\n              <img loading=\"lazy\" decoding=\"async\" width=\"1971\" height=\"2380\" src=\"https:\/\/aiquos.tech\/wp-content\/uploads\/2025\/01\/photo-scaled-e1737485450761.jpg\" class=\"attachment- size-\" alt=\"\" srcset=\"https:\/\/aiquos.tech\/wp-content\/uploads\/2025\/01\/photo-scaled-e1737485450761.jpg 1971w, https:\/\/aiquos.tech\/wp-content\/uploads\/2025\/01\/photo-scaled-e1737485450761-248x300.jpg 248w, https:\/\/aiquos.tech\/wp-content\/uploads\/2025\/01\/photo-scaled-e1737485450761-848x1024.jpg 848w, https:\/\/aiquos.tech\/wp-content\/uploads\/2025\/01\/photo-scaled-e1737485450761-768x927.jpg 768w, https:\/\/aiquos.tech\/wp-content\/uploads\/2025\/01\/photo-scaled-e1737485450761-1272x1536.jpg 1272w, https:\/\/aiquos.tech\/wp-content\/uploads\/2025\/01\/photo-scaled-e1737485450761-1696x2048.jpg 1696w\" sizes=\"auto, (max-width: 1971px) 100vw, 1971px\" \/>                         <\/div>\n          <\/div>\n         \n          <div class=\"box-text text-center\" >\n                <div class=\"box-text-inner\">\n                  <h4 class=\"uppercase\">\n                    <span class=\"person-name\">Dr. Josep M. Margarit<\/span><br\/>\n                    <span class=\"person-title is-small thin-font op-7\">\n                      Fundador                    <\/span>\n                  <\/h4>\n\t\t\t\t\t<div class=\"social-icons follow-icons\" ><a href=\"https:\/\/www.linkedin.com\/in\/josepmariamargarit\" data-label=\"LinkedIn\" target=\"_blank\" class=\"icon plain linkedin tooltip\" title=\"S\u00edguenos en LinkedIn\" aria-label=\"S\u00edguenos en LinkedIn\" rel=\"noopener nofollow\" ><i class=\"icon-linkedin\" ><\/i><\/a><\/div>\n\n<p>Emprendedor cient\u00edfico experto en tecnolog\u00eda de microsensores inteligentes, con un enfoque educado y apasionado en la creaci\u00f3n de startups<\/p>\n\n                <\/div>\n          <\/div>\n    <\/div>\n\n\t\n    \n\n\t\t<\/div>\n\t\t\t\t\t<\/div>\n\n\t\n\n\t<div id=\"col-2135845473\" class=\"col medium-4 small-12 large-4\"  >\n\t\t\t\t<div class=\"col-inner\"  >\n\t\t\t\n\t\t\t\n\n    <div class=\"box has-hover has-hover box-bounce box-text-bottom\" >\n\n                  <div class=\"box-image \" style=\"width:70%;\">\n           <div class=\"box-image-inner image-cover\" style=\"border-radius:100%;padding-top:100%;\">\n              <img loading=\"lazy\" decoding=\"async\" width=\"781\" height=\"645\" src=\"https:\/\/aiquos.tech\/wp-content\/uploads\/2024\/12\/Aymen-new-photo-e1734078953119.jpeg\" class=\"attachment- size-\" alt=\"\" srcset=\"https:\/\/aiquos.tech\/wp-content\/uploads\/2024\/12\/Aymen-new-photo-e1734078953119.jpeg 781w, https:\/\/aiquos.tech\/wp-content\/uploads\/2024\/12\/Aymen-new-photo-e1734078953119-300x248.jpeg 300w, https:\/\/aiquos.tech\/wp-content\/uploads\/2024\/12\/Aymen-new-photo-e1734078953119-768x634.jpeg 768w\" sizes=\"auto, (max-width: 781px) 100vw, 781px\" \/>                         <\/div>\n          <\/div>\n         \n          <div class=\"box-text text-center\" >\n                <div class=\"box-text-inner\">\n                  <h4 class=\"uppercase\">\n                    <span class=\"person-name\">Mr. Aymen jemni<\/span><br\/>\n                    <span class=\"person-title is-small thin-font op-7\">\n                      cofundador                    <\/span>\n                  <\/h4>\n\t\t\t\t\t<div class=\"social-icons follow-icons\" ><a href=\"https:\/\/www.linkedin.com\/in\/aymen-jemni\" data-label=\"LinkedIn\" target=\"_blank\" class=\"icon plain linkedin tooltip\" title=\"S\u00edguenos en LinkedIn\" aria-label=\"S\u00edguenos en LinkedIn\" rel=\"noopener nofollow\" ><i class=\"icon-linkedin\" ><\/i><\/a><\/div>\n\n<p><span style=\"font-weight: 400;\">Especialista en negocios tecnol\u00f3gicos con m\u00e1s de 10 a\u00f1os de experiencia en ventas y desarrollo de negocios en industrias multinacionales<\/span><\/p>\n\n                <\/div>\n          <\/div>\n    <\/div>\n\n\t\n    \n\n\t\t<\/div>\n\t\t\t\t\t<\/div>\n\n\t\n\n\t<div id=\"col-1534904879\" class=\"col medium-4 small-12 large-4\"  >\n\t\t\t\t<div class=\"col-inner\"  >\n\t\t\t\n\t\t\t\n\n    <div class=\"box has-hover has-hover box-bounce box-text-bottom\" >\n\n                  <div class=\"box-image \" style=\"width:70%;\">\n           <div class=\"box-image-inner image-cover\" style=\"border-radius:100%;padding-top:100%;\">\n              <img loading=\"lazy\" decoding=\"async\" width=\"1093\" height=\"1236\" src=\"https:\/\/aiquos.tech\/wp-content\/uploads\/2024\/12\/Robert_new_photo.jpg\" class=\"attachment- size-\" alt=\"\" srcset=\"https:\/\/aiquos.tech\/wp-content\/uploads\/2024\/12\/Robert_new_photo.jpg 1093w, https:\/\/aiquos.tech\/wp-content\/uploads\/2024\/12\/Robert_new_photo-265x300.jpg 265w, https:\/\/aiquos.tech\/wp-content\/uploads\/2024\/12\/Robert_new_photo-906x1024.jpg 906w, https:\/\/aiquos.tech\/wp-content\/uploads\/2024\/12\/Robert_new_photo-768x868.jpg 768w\" sizes=\"auto, (max-width: 1093px) 100vw, 1093px\" \/>                         <\/div>\n          <\/div>\n         \n          <div class=\"box-text text-center\" >\n                <div class=\"box-text-inner\">\n                  <h4 class=\"uppercase\">\n                    <span class=\"person-name\">Mr. Robert Mas<\/span><br\/>\n                    <span class=\"person-title is-small thin-font op-7\">\n                      cofundador                    <\/span>\n                  <\/h4>\n\t\t\t\t\t<div class=\"social-icons follow-icons\" ><a href=\"https:\/\/www.linkedin.com\/in\/robertmassantanaabm\" data-label=\"LinkedIn\" target=\"_blank\" class=\"icon plain linkedin tooltip\" title=\"S\u00edguenos en LinkedIn\" aria-label=\"S\u00edguenos en LinkedIn\" rel=\"noopener nofollow\" ><i class=\"icon-linkedin\" ><\/i><\/a><\/div>\n\n<p><span style=\"font-weight: 400;\">Emprendedor en serie y antiguo experto ejecutivo del sector del agua<\/span><\/p>\n\n                <\/div>\n          <\/div>\n    <\/div>\n\n\t\n    \n\n\t\t<\/div>\n\t\t\t\t\t<\/div>\n\n\t\n\n<\/div>\n<div class=\"row\"  id=\"row-339643465\">\n\n\n\t<div id=\"col-945926390\" class=\"col medium-4 small-12 large-4\"  >\n\t\t\t\t<div class=\"col-inner\"  >\n\t\t\t\n\t\t\t\n\n    <div class=\"box has-hover has-hover box-bounce box-text-bottom\" >\n\n                  <div class=\"box-image \" style=\"width:70%;\">\n           <div class=\"box-image-inner image-cover\" style=\"border-radius:100%;padding-top:100%;\">\n              <img loading=\"lazy\" decoding=\"async\" width=\"945\" height=\"945\" src=\"https:\/\/aiquos.tech\/wp-content\/uploads\/2024\/12\/ShihChii_new_photo.jpeg\" class=\"attachment- size-\" alt=\"\" srcset=\"https:\/\/aiquos.tech\/wp-content\/uploads\/2024\/12\/ShihChii_new_photo.jpeg 945w, https:\/\/aiquos.tech\/wp-content\/uploads\/2024\/12\/ShihChii_new_photo-300x300.jpeg 300w, https:\/\/aiquos.tech\/wp-content\/uploads\/2024\/12\/ShihChii_new_photo-150x150.jpeg 150w, https:\/\/aiquos.tech\/wp-content\/uploads\/2024\/12\/ShihChii_new_photo-768x768.jpeg 768w\" sizes=\"auto, (max-width: 945px) 100vw, 945px\" \/>                         <\/div>\n          <\/div>\n         \n          <div class=\"box-text text-center\" >\n                <div class=\"box-text-inner\">\n                  <h4 class=\"uppercase\">\n                    <span class=\"person-name\">Prof. Shih-Chii Liu<\/span><br\/>\n                    <span class=\"person-title is-small thin-font op-7\">\n                      cofundador                    <\/span>\n                  <\/h4>\n\t\t\t\t\t\n\n<p>Profesora de la UZH experta en ingenier\u00eda neurom\u00f3rfica y aprendizaje profundo<\/p>\n\n                <\/div>\n          <\/div>\n    <\/div>\n\n\t\n    \n\n\t\t<\/div>\n\t\t\t\t\t<\/div>\n\n\t\n\n\t<div id=\"col-743977338\" class=\"col medium-4 small-12 large-4\"  >\n\t\t\t\t<div class=\"col-inner\"  >\n\t\t\t\n\t\t\t\n\n    <div class=\"box has-hover has-hover box-bounce box-text-bottom\" >\n\n                  <div class=\"box-image \" style=\"width:70%;\">\n           <div class=\"box-image-inner image-cover\" style=\"border-radius:100%;padding-top:100%;\">\n              <img loading=\"lazy\" decoding=\"async\" width=\"369\" height=\"347\" src=\"https:\/\/aiquos.tech\/wp-content\/uploads\/2024\/12\/Cecilia_new_photo-e1734079119238.jpg\" class=\"attachment- size-\" alt=\"\" srcset=\"https:\/\/aiquos.tech\/wp-content\/uploads\/2024\/12\/Cecilia_new_photo-e1734079119238.jpg 369w, https:\/\/aiquos.tech\/wp-content\/uploads\/2024\/12\/Cecilia_new_photo-e1734079119238-300x282.jpg 300w\" sizes=\"auto, (max-width: 369px) 100vw, 369px\" \/>                         <\/div>\n          <\/div>\n         \n          <div class=\"box-text text-center\" >\n                <div class=\"box-text-inner\">\n                  <h4 class=\"uppercase\">\n                    <span class=\"person-name\">Dr. Cecilia Jim\u00e9nez<\/span><br\/>\n                    <span class=\"person-title is-small thin-font op-7\">\n                      cofundador                    <\/span>\n                  <\/h4>\n\t\t\t\t\t<div class=\"social-icons follow-icons\" ><a href=\"https:\/\/www.linkedin.com\/in\/cecilia-jimenez-jorquera-2a644826\" data-label=\"LinkedIn\" target=\"_blank\" class=\"icon plain linkedin tooltip\" title=\"S\u00edguenos en LinkedIn\" aria-label=\"S\u00edguenos en LinkedIn\" rel=\"noopener nofollow\" ><i class=\"icon-linkedin\" ><\/i><\/a><\/div>\n\n<p>Investigadora cient\u00edfica del CSIC experta en transductores qu\u00edmicos<\/p>\n\n                <\/div>\n          <\/div>\n    <\/div>\n\n\t\n    \n\n\t\t<\/div>\n\t\t\t\t\t<\/div>\n\n\t\n\n\t<div id=\"col-1355944760\" class=\"col medium-4 small-12 large-4\"  >\n\t\t\t\t<div class=\"col-inner\"  >\n\t\t\t\n\t\t\t\n\n    <div class=\"box has-hover has-hover box-bounce box-text-bottom\" >\n\n                  <div class=\"box-image \" style=\"width:70%;\">\n           <div class=\"box-image-inner image-cover\" style=\"border-radius:100%;padding-top:100%;\">\n              <img loading=\"lazy\" decoding=\"async\" width=\"398\" height=\"398\" src=\"https:\/\/aiquos.tech\/wp-content\/uploads\/2024\/11\/aiquos-Total-Fluid-Analysis2044.jpg\" class=\"attachment- size-\" alt=\"\" srcset=\"https:\/\/aiquos.tech\/wp-content\/uploads\/2024\/11\/aiquos-Total-Fluid-Analysis2044.jpg 398w, https:\/\/aiquos.tech\/wp-content\/uploads\/2024\/11\/aiquos-Total-Fluid-Analysis2044-300x300.jpg 300w, https:\/\/aiquos.tech\/wp-content\/uploads\/2024\/11\/aiquos-Total-Fluid-Analysis2044-150x150.jpg 150w\" sizes=\"auto, (max-width: 398px) 100vw, 398px\" \/>                         <\/div>\n          <\/div>\n         \n          <div class=\"box-text text-center\" >\n                <div class=\"box-text-inner\">\n                  <h4 class=\"uppercase\">\n                    <span class=\"person-name\">Dr. Francesc Serra<\/span><br\/>\n                    <span class=\"person-title is-small thin-font op-7\">\n                      cofundador                    <\/span>\n                  <\/h4>\n\t\t\t\t\t<div class=\"social-icons follow-icons\" ><a href=\"https:\/\/www.linkedin.com\/in\/francescserragraells\" data-label=\"LinkedIn\" target=\"_blank\" class=\"icon plain linkedin tooltip\" title=\"S\u00edguenos en LinkedIn\" aria-label=\"S\u00edguenos en LinkedIn\" rel=\"noopener nofollow\" ><i class=\"icon-linkedin\" ><\/i><\/a><\/div>\n\n<p><span style=\"font-weight: 400;\">Investigador asociado del CSIC experto en integraci\u00f3n de microchips  <\/span><\/p>\n\n                <\/div>\n          <\/div>\n    <\/div>\n\n\t\n    \n\n\t\t<\/div>\n\t\t\t\t\t<\/div>\n\n\t\n\n<\/div>\n\t<div id=\"gap-455502287\" class=\"gap-element clearfix\" style=\"display:block; height:auto;\">\n\t\t\n<style>\n#gap-455502287 {\n  padding-top: 30px;\n}\n<\/style>\n\t<\/div>\n\t\n\n\n\n\t<section class=\"section\" id=\"section_396384872\">\n\t\t<div class=\"section-bg fill\" >\n\t\t\t\t\t\t\t\t\t\n\t\t\t\n\n\t\t<\/div>\n\n\t\t\n\n\t\t<div class=\"section-content relative\">\n\t\t\t\n\n\n\t\t<\/div>\n\n\t\t\n<style>\n#section_396384872 {\n  padding-top: 30px;\n  padding-bottom: 30px;\n}\n<\/style>\n\t<\/section>\n\t\n\n","protected":false},"excerpt":{"rendered":"","protected":false},"author":1,"featured_media":0,"parent":0,"menu_order":0,"comment_status":"closed","ping_status":"closed","template":"page-blank.php","meta":{"footnotes":""},"class_list":["post-250","page","type-page","status-publish","hentry"],"yoast_head":"<!-- This site is optimized with the Yoast SEO plugin v24.9 - https:\/\/yoast.com\/wordpress\/plugins\/seo\/ -->\n<title>Equipo - AiQUOS<\/title>\n<meta name=\"robots\" content=\"index, follow, max-snippet:-1, max-image-preview:large, max-video-preview:-1\" \/>\n<link rel=\"canonical\" href=\"https:\/\/aiquos.tech\/es\/equipo\/\" \/>\n<meta property=\"og:locale\" content=\"es_ES\" \/>\n<meta property=\"og:type\" content=\"article\" \/>\n<meta property=\"og:title\" content=\"Equipo - AiQUOS\" \/>\n<meta property=\"og:url\" content=\"https:\/\/aiquos.tech\/es\/equipo\/\" \/>\n<meta property=\"og:site_name\" content=\"AiQUOS\" \/>\n<meta property=\"article:modified_time\" content=\"2025-09-26T09:38:31+00:00\" \/>\n<meta name=\"twitter:card\" content=\"summary_large_image\" \/>\n<meta name=\"twitter:label1\" content=\"Tiempo de lectura\" \/>\n\t<meta name=\"twitter:data1\" content=\"2 minutos\" \/>\n<script type=\"application\/ld+json\" class=\"yoast-schema-graph\">{\"@context\":\"https:\/\/schema.org\",\"@graph\":[{\"@type\":\"WebPage\",\"@id\":\"https:\/\/aiquos.tech\/es\/equipo\/\",\"url\":\"https:\/\/aiquos.tech\/es\/equipo\/\",\"name\":\"Equipo - AiQUOS\",\"isPartOf\":{\"@id\":\"https:\/\/aiquos.tech\/es\/#website\"},\"datePublished\":\"2024-11-11T14:06:33+00:00\",\"dateModified\":\"2025-09-26T09:38:31+00:00\",\"breadcrumb\":{\"@id\":\"https:\/\/aiquos.tech\/es\/equipo\/#breadcrumb\"},\"inLanguage\":\"es\",\"potentialAction\":[{\"@type\":\"ReadAction\",\"target\":[\"https:\/\/aiquos.tech\/es\/equipo\/\"]}]},{\"@type\":\"BreadcrumbList\",\"@id\":\"https:\/\/aiquos.tech\/es\/equipo\/#breadcrumb\",\"itemListElement\":[{\"@type\":\"ListItem\",\"position\":1,\"name\":\"Portada\",\"item\":\"https:\/\/aiquos.tech\/es\/\"},{\"@type\":\"ListItem\",\"position\":2,\"name\":\"Equipo\"}]},{\"@type\":\"WebSite\",\"@id\":\"https:\/\/aiquos.tech\/es\/#website\",\"url\":\"https:\/\/aiquos.tech\/es\/\",\"name\":\"AiQUOS\",\"description\":\"Total Fluid analysis Anytime Anywhere\",\"potentialAction\":[{\"@type\":\"SearchAction\",\"target\":{\"@type\":\"EntryPoint\",\"urlTemplate\":\"https:\/\/aiquos.tech\/es\/?s={search_term_string}\"},\"query-input\":{\"@type\":\"PropertyValueSpecification\",\"valueRequired\":true,\"valueName\":\"search_term_string\"}}],\"inLanguage\":\"es\"}]}<\/script>\n<!-- \/ Yoast SEO plugin. -->","yoast_head_json":{"title":"Equipo - AiQUOS","robots":{"index":"index","follow":"follow","max-snippet":"max-snippet:-1","max-image-preview":"max-image-preview:large","max-video-preview":"max-video-preview:-1"},"canonical":"https:\/\/aiquos.tech\/es\/equipo\/","og_locale":"es_ES","og_type":"article","og_title":"Equipo - AiQUOS","og_url":"https:\/\/aiquos.tech\/es\/equipo\/","og_site_name":"AiQUOS","article_modified_time":"2025-09-26T09:38:31+00:00","twitter_card":"summary_large_image","twitter_misc":{"Tiempo de lectura":"2 minutos"},"schema":{"@context":"https:\/\/schema.org","@graph":[{"@type":"WebPage","@id":"https:\/\/aiquos.tech\/es\/equipo\/","url":"https:\/\/aiquos.tech\/es\/equipo\/","name":"Equipo - AiQUOS","isPartOf":{"@id":"https:\/\/aiquos.tech\/es\/#website"},"datePublished":"2024-11-11T14:06:33+00:00","dateModified":"2025-09-26T09:38:31+00:00","breadcrumb":{"@id":"https:\/\/aiquos.tech\/es\/equipo\/#breadcrumb"},"inLanguage":"es","potentialAction":[{"@type":"ReadAction","target":["https:\/\/aiquos.tech\/es\/equipo\/"]}]},{"@type":"BreadcrumbList","@id":"https:\/\/aiquos.tech\/es\/equipo\/#breadcrumb","itemListElement":[{"@type":"ListItem","position":1,"name":"Portada","item":"https:\/\/aiquos.tech\/es\/"},{"@type":"ListItem","position":2,"name":"Equipo"}]},{"@type":"WebSite","@id":"https:\/\/aiquos.tech\/es\/#website","url":"https:\/\/aiquos.tech\/es\/","name":"AiQUOS","description":"Total Fluid analysis Anytime Anywhere","potentialAction":[{"@type":"SearchAction","target":{"@type":"EntryPoint","urlTemplate":"https:\/\/aiquos.tech\/es\/?s={search_term_string}"},"query-input":{"@type":"PropertyValueSpecification","valueRequired":true,"valueName":"search_term_string"}}],"inLanguage":"es"}]}},"_links":{"self":[{"href":"https:\/\/aiquos.tech\/es\/wp-json\/wp\/v2\/pages\/250","targetHints":{"allow":["GET"]}}],"collection":[{"href":"https:\/\/aiquos.tech\/es\/wp-json\/wp\/v2\/pages"}],"about":[{"href":"https:\/\/aiquos.tech\/es\/wp-json\/wp\/v2\/types\/page"}],"author":[{"embeddable":true,"href":"https:\/\/aiquos.tech\/es\/wp-json\/wp\/v2\/users\/1"}],"replies":[{"embeddable":true,"href":"https:\/\/aiquos.tech\/es\/wp-json\/wp\/v2\/comments?post=250"}],"version-history":[{"count":7,"href":"https:\/\/aiquos.tech\/es\/wp-json\/wp\/v2\/pages\/250\/revisions"}],"predecessor-version":[{"id":785,"href":"https:\/\/aiquos.tech\/es\/wp-json\/wp\/v2\/pages\/250\/revisions\/785"}],"wp:attachment":[{"href":"https:\/\/aiquos.tech\/es\/wp-json\/wp\/v2\/media?parent=250"}],"curies":[{"name":"wp","href":"https:\/\/api.w.org\/{rel}","templated":true}]}}