{"id":248,"date":"2024-11-11T14:07:13","date_gmt":"2024-11-11T14:07:13","guid":{"rendered":"https:\/\/aiquos.tech\/ponte-en-contacto-con\/"},"modified":"2025-03-28T08:31:05","modified_gmt":"2025-03-28T08:31:05","slug":"ponte-en-contacto-con","status":"publish","type":"page","link":"https:\/\/aiquos.tech\/es\/ponte-en-contacto-con\/","title":{"rendered":"Contacto"},"content":{"rendered":"\n<div class=\"slider-wrapper relative\" id=\"slider-392513804\" >\n    <div class=\"slider slider-nav-circle slider-nav-large slider-nav-light slider-style-normal\"\n        data-flickity-options='{\n            \"cellAlign\": \"center\",\n            \"imagesLoaded\": true,\n            \"lazyLoad\": 1,\n            \"freeScroll\": false,\n            \"wrapAround\": true,\n            \"autoPlay\": 6000,\n            \"pauseAutoPlayOnHover\" : true,\n            \"prevNextButtons\": true,\n            \"contain\" : true,\n            \"adaptiveHeight\" : true,\n            \"dragThreshold\" : 10,\n            \"percentPosition\": true,\n            \"pageDots\": true,\n            \"rightToLeft\": false,\n            \"draggable\": true,\n            \"selectedAttraction\": 0.1,\n            \"parallax\" : 0,\n            \"friction\": 0.6        }'\n        >\n        \n\n\n  <div class=\"banner has-hover has-parallax\" id=\"banner-1729113788\">\n          <div class=\"banner-inner fill\">\n        <div class=\"banner-bg fill\" data-parallax=\"-3\" data-parallax-container=\".banner\" data-parallax-background>\n            <img loading=\"lazy\" decoding=\"async\" width=\"1437\" height=\"839\" src=\"https:\/\/aiquos.tech\/wp-content\/uploads\/2024\/11\/Default_a_stylized_photo_of_a_microchip_falling_onto_a_calm_li_0-1.png\" class=\"bg attachment-original size-original\" alt=\"\" \/>                                    \n                    <\/div>\n\t\t\n        <div class=\"banner-layers container\">\n            <div class=\"fill banner-link\"><\/div>            \n\n   <div id=\"text-box-1180351642\" class=\"text-box banner-layer x95 md-x95 lg-x100 y95 md-y80 lg-y80 res-text\">\n                                <div class=\"text-box-content text dark\">\n              \n              <div class=\"text-inner text-center\">\n                  \n\n\t<div id=\"text-1379511440\" class=\"text\">\n\t\t\n\n<h1 class=\"uppercase\" style=\"text-align: right;\"><strong>Cont\u00e1ctEnos<\/strong><\/h1>\n\t\t\n<style>\n#text-1379511440 {\n  text-align: center;\n}\n@media (min-width:550px) {\n  #text-1379511440 {\n    text-align: right;\n  }\n}\n<\/style>\n\t<\/div>\n\t\n\t<div id=\"text-218861322\" class=\"text\">\n\t\t\n\n<p style=\"text-align: right;\">\u00bfPreparado para revolucionar la gesti\u00f3n del agua y otros l\u00edquidos? P\u00f3ngase en contacto con nosotros hoy mismo y \u00a1hag\u00e1moslo realidad!<\/p>\n\t\t\n<style>\n#text-218861322 {\n  font-size: 0.9rem;\n  text-align: center;\n}\n@media (min-width:550px) {\n  #text-218861322 {\n    font-size: 1.35rem;\n    text-align: right;\n  }\n}\n<\/style>\n\t<\/div>\n\t\n\n              <\/div>\n           <\/div>\n                            \n<style>\n#text-box-1180351642 {\n  width: 87%;\n}\n#text-box-1180351642 .text-box-content {\n  font-size: 100%;\n}\n@media (min-width:550px) {\n  #text-box-1180351642 {\n    width: 53%;\n  }\n}\n@media (min-width:850px) {\n  #text-box-1180351642 {\n    width: 34%;\n  }\n}\n<\/style>\n    <\/div>\n \n\n        <\/div>\n      <\/div>\n\n            \n<style>\n#banner-1729113788 {\n  padding-top: 444px;\n}\n#banner-1729113788 .banner-bg img {\n  object-position: 39% 50%;\n}\n<\/style>\n  <\/div>\n\n\n\n     <\/div>\n\n     <div class=\"loading-spin dark large centered\"><\/div>\n\n\t<\/div>\n\n\n\n\t<section class=\"section\" id=\"section_2110777650\">\n\t\t<div class=\"section-bg fill\" >\n\t\t\t\t\t\t\t\t\t\n\t\t\t\n\n\t\t<\/div>\n\n\t\t\n\n\t\t<div class=\"section-content relative\">\n\t\t\t\n\n\t<div id=\"gap-819134855\" class=\"gap-element clearfix\" style=\"display:block; height:auto;\">\n\t\t\n<style>\n#gap-819134855 {\n  padding-top: 30px;\n}\n<\/style>\n\t<\/div>\n\t\n\n<div class=\"row align-middle\"  id=\"row-390008509\">\n\n\n\t<div id=\"col-2059828673\" class=\"col medium-6 small-12 large-6\"  >\n\t\t\t\t<div class=\"col-inner text-left\"  >\n\t\t\t\n\t\t\t\n\n<h2 class=\"thin-font\">Descubra el futuro de la monitorizaci\u00f3n de fluidos con AiQUOS<\/h2>\n<p>Gracias por su inter\u00e9s en AiQUOS, donde la inteligencia artificial de vanguardia se une a la innovaci\u00f3n en monitorizaci\u00f3n de l\u00edquidos. Al rellenar este formulario est\u00e1 dando el primer paso para optimizar sus sistemas de gesti\u00f3n con nuestras soluciones de vanguardia basadas en IA.<\/p>\n<p>Por favor, complete el siguiente formulario y uno de nuestros especialistas se pondr\u00e1 en contacto con usted en breve para discutir c\u00f3mo AiQUOS puede elevar sus iniciativas industriales.<\/p>\n\n\t\t<\/div>\n\t\t\t\t\n<style>\n#col-2059828673 > .col-inner {\n  padding: 0px 20% 0px 0px;\n}\n<\/style>\n\t<\/div>\n\n\t\n\n\t<div id=\"col-1080323801\" class=\"col medium-6 small-12 large-6\"  >\n\t\t\t\t<div class=\"col-inner\"  >\n\t\t\t\n\t\t\t\n\n\n<div class=\"wpcf7 no-js\" id=\"wpcf7-f613-o1\" lang=\"en-US\" dir=\"ltr\" data-wpcf7-id=\"613\">\n<div class=\"screen-reader-response\"><p role=\"status\" aria-live=\"polite\" aria-atomic=\"true\"><\/p> <ul><\/ul><\/div>\n<form action=\"\/es\/wp-json\/wp\/v2\/pages\/248#wpcf7-f613-o1\" method=\"post\" class=\"wpcf7-form init\" aria-label=\"Contact form\" novalidate=\"novalidate\" data-status=\"init\">\n<div style=\"display: none;\">\n<input type=\"hidden\" name=\"_wpcf7\" value=\"613\" \/>\n<input type=\"hidden\" name=\"_wpcf7_version\" value=\"6.0.6\" \/>\n<input type=\"hidden\" name=\"_wpcf7_locale\" value=\"en_US\" \/>\n<input type=\"hidden\" name=\"_wpcf7_unit_tag\" value=\"wpcf7-f613-o1\" \/>\n<input type=\"hidden\" name=\"_wpcf7_container_post\" value=\"0\" \/>\n<input type=\"hidden\" name=\"_wpcf7_posted_data_hash\" value=\"\" \/>\n<\/div>\n<p><label> Nombre<br \/>\n<span class=\"wpcf7-form-control-wrap\" data-name=\"your-name\"><input size=\"40\" maxlength=\"400\" class=\"wpcf7-form-control wpcf7-text wpcf7-validates-as-required\" autocomplete=\"name\" aria-required=\"true\" aria-invalid=\"false\" value=\"\" type=\"text\" name=\"your-name\" \/><\/span> <\/label>\n<\/p>\n<p><label> Correo electr\u00f3nico<br \/>\n<span class=\"wpcf7-form-control-wrap\" data-name=\"your-email\"><input size=\"40\" maxlength=\"400\" class=\"wpcf7-form-control wpcf7-email wpcf7-validates-as-required wpcf7-text wpcf7-validates-as-email\" autocomplete=\"email\" aria-required=\"true\" aria-invalid=\"false\" value=\"\" type=\"email\" name=\"your-email\" \/><\/span> <\/label>\n<\/p>\n<p><label> Asunto<br \/>\n<span class=\"wpcf7-form-control-wrap\" data-name=\"your-subject\"><input size=\"40\" maxlength=\"400\" class=\"wpcf7-form-control wpcf7-text wpcf7-validates-as-required\" aria-required=\"true\" aria-invalid=\"false\" value=\"\" type=\"text\" name=\"your-subject\" \/><\/span> <\/label>\n<\/p>\n<p><label> Mensaje (opcional)<br \/>\n<span class=\"wpcf7-form-control-wrap\" data-name=\"your-message\"><textarea cols=\"40\" rows=\"10\" maxlength=\"2000\" class=\"wpcf7-form-control wpcf7-textarea\" aria-invalid=\"false\" name=\"your-message\"><\/textarea><\/span> <\/label>\n<\/p>\n<p><label> <span class=\"wpcf7-form-control-wrap\" data-name=\"acceptance-825\"><span class=\"wpcf7-form-control wpcf7-acceptance optional\"><span class=\"wpcf7-list-item\"><label><input type=\"checkbox\" name=\"acceptance-825\" value=\"1\" aria-invalid=\"false\" \/><span class=\"wpcf7-list-item-label\">He le\u00eddo y acepto la <a href=\"https:\/\/aiquos.tech\/wp-content\/uploads\/2025\/03\/politicaPrivacidadDatos-7.pdf\">pol\u00edtica de privacidad<\/a> de AiQUOS<\/span><\/label><\/span><\/span><\/span><\/label><br \/>\n<label> <span class=\"wpcf7-form-control-wrap\" data-name=\"acceptance-826\"><span class=\"wpcf7-form-control wpcf7-acceptance optional\"><span class=\"wpcf7-list-item\"><label><input type=\"checkbox\" name=\"acceptance-826\" value=\"1\" aria-invalid=\"false\" \/><span class=\"wpcf7-list-item-label\">Acepto recibir notificaciones comerciales por parte de AiQUOS<\/span><\/label><\/span><\/span><\/span><\/label>\n<\/p>\n<p><input class=\"wpcf7-form-control wpcf7-submit has-spinner\" type=\"submit\" value=\"Enviar\" \/>\n<\/p><div class=\"wpcf7-response-output\" aria-hidden=\"true\"><\/div>\n<\/form>\n<\/div>\n\n\n\n\t\t<\/div>\n\t\t\t\t\t<\/div>\n\n\t\n\n<\/div>\n\n\t\t<\/div>\n\n\t\t\n<style>\n#section_2110777650 {\n  padding-top: 30px;\n  padding-bottom: 30px;\n}\n<\/style>\n\t<\/section>\n\t\n\n","protected":false},"excerpt":{"rendered":"","protected":false},"author":1,"featured_media":0,"parent":0,"menu_order":0,"comment_status":"closed","ping_status":"closed","template":"page-blank.php","meta":{"footnotes":""},"class_list":["post-248","page","type-page","status-publish","hentry"],"yoast_head":"<!-- This site is optimized with the Yoast SEO plugin v24.9 - https:\/\/yoast.com\/wordpress\/plugins\/seo\/ -->\n<title>Contacto - AiQUOS<\/title>\n<meta name=\"robots\" content=\"index, follow, max-snippet:-1, max-image-preview:large, max-video-preview:-1\" \/>\n<link rel=\"canonical\" href=\"https:\/\/aiquos.tech\/es\/ponte-en-contacto-con\/\" \/>\n<meta property=\"og:locale\" content=\"es_ES\" \/>\n<meta property=\"og:type\" content=\"article\" \/>\n<meta property=\"og:title\" content=\"Contacto - AiQUOS\" \/>\n<meta property=\"og:url\" content=\"https:\/\/aiquos.tech\/es\/ponte-en-contacto-con\/\" \/>\n<meta property=\"og:site_name\" content=\"AiQUOS\" \/>\n<meta property=\"article:modified_time\" content=\"2025-03-28T08:31:05+00:00\" \/>\n<meta name=\"twitter:card\" content=\"summary_large_image\" \/>\n<meta name=\"twitter:label1\" content=\"Tiempo de lectura\" \/>\n\t<meta name=\"twitter:data1\" content=\"1 minuto\" \/>\n<script type=\"application\/ld+json\" class=\"yoast-schema-graph\">{\"@context\":\"https:\/\/schema.org\",\"@graph\":[{\"@type\":\"WebPage\",\"@id\":\"https:\/\/aiquos.tech\/es\/ponte-en-contacto-con\/\",\"url\":\"https:\/\/aiquos.tech\/es\/ponte-en-contacto-con\/\",\"name\":\"Contacto - AiQUOS\",\"isPartOf\":{\"@id\":\"https:\/\/aiquos.tech\/es\/#website\"},\"datePublished\":\"2024-11-11T14:07:13+00:00\",\"dateModified\":\"2025-03-28T08:31:05+00:00\",\"breadcrumb\":{\"@id\":\"https:\/\/aiquos.tech\/es\/ponte-en-contacto-con\/#breadcrumb\"},\"inLanguage\":\"es\",\"potentialAction\":[{\"@type\":\"ReadAction\",\"target\":[\"https:\/\/aiquos.tech\/es\/ponte-en-contacto-con\/\"]}]},{\"@type\":\"BreadcrumbList\",\"@id\":\"https:\/\/aiquos.tech\/es\/ponte-en-contacto-con\/#breadcrumb\",\"itemListElement\":[{\"@type\":\"ListItem\",\"position\":1,\"name\":\"Portada\",\"item\":\"https:\/\/aiquos.tech\/es\/\"},{\"@type\":\"ListItem\",\"position\":2,\"name\":\"Contacto\"}]},{\"@type\":\"WebSite\",\"@id\":\"https:\/\/aiquos.tech\/es\/#website\",\"url\":\"https:\/\/aiquos.tech\/es\/\",\"name\":\"AiQUOS\",\"description\":\"Total Fluid analysis Anytime Anywhere\",\"potentialAction\":[{\"@type\":\"SearchAction\",\"target\":{\"@type\":\"EntryPoint\",\"urlTemplate\":\"https:\/\/aiquos.tech\/es\/?s={search_term_string}\"},\"query-input\":{\"@type\":\"PropertyValueSpecification\",\"valueRequired\":true,\"valueName\":\"search_term_string\"}}],\"inLanguage\":\"es\"}]}<\/script>\n<!-- \/ Yoast SEO plugin. -->","yoast_head_json":{"title":"Contacto - AiQUOS","robots":{"index":"index","follow":"follow","max-snippet":"max-snippet:-1","max-image-preview":"max-image-preview:large","max-video-preview":"max-video-preview:-1"},"canonical":"https:\/\/aiquos.tech\/es\/ponte-en-contacto-con\/","og_locale":"es_ES","og_type":"article","og_title":"Contacto - AiQUOS","og_url":"https:\/\/aiquos.tech\/es\/ponte-en-contacto-con\/","og_site_name":"AiQUOS","article_modified_time":"2025-03-28T08:31:05+00:00","twitter_card":"summary_large_image","twitter_misc":{"Tiempo de lectura":"1 minuto"},"schema":{"@context":"https:\/\/schema.org","@graph":[{"@type":"WebPage","@id":"https:\/\/aiquos.tech\/es\/ponte-en-contacto-con\/","url":"https:\/\/aiquos.tech\/es\/ponte-en-contacto-con\/","name":"Contacto - AiQUOS","isPartOf":{"@id":"https:\/\/aiquos.tech\/es\/#website"},"datePublished":"2024-11-11T14:07:13+00:00","dateModified":"2025-03-28T08:31:05+00:00","breadcrumb":{"@id":"https:\/\/aiquos.tech\/es\/ponte-en-contacto-con\/#breadcrumb"},"inLanguage":"es","potentialAction":[{"@type":"ReadAction","target":["https:\/\/aiquos.tech\/es\/ponte-en-contacto-con\/"]}]},{"@type":"BreadcrumbList","@id":"https:\/\/aiquos.tech\/es\/ponte-en-contacto-con\/#breadcrumb","itemListElement":[{"@type":"ListItem","position":1,"name":"Portada","item":"https:\/\/aiquos.tech\/es\/"},{"@type":"ListItem","position":2,"name":"Contacto"}]},{"@type":"WebSite","@id":"https:\/\/aiquos.tech\/es\/#website","url":"https:\/\/aiquos.tech\/es\/","name":"AiQUOS","description":"Total Fluid analysis Anytime Anywhere","potentialAction":[{"@type":"SearchAction","target":{"@type":"EntryPoint","urlTemplate":"https:\/\/aiquos.tech\/es\/?s={search_term_string}"},"query-input":{"@type":"PropertyValueSpecification","valueRequired":true,"valueName":"search_term_string"}}],"inLanguage":"es"}]}},"_links":{"self":[{"href":"https:\/\/aiquos.tech\/es\/wp-json\/wp\/v2\/pages\/248","targetHints":{"allow":["GET"]}}],"collection":[{"href":"https:\/\/aiquos.tech\/es\/wp-json\/wp\/v2\/pages"}],"about":[{"href":"https:\/\/aiquos.tech\/es\/wp-json\/wp\/v2\/types\/page"}],"author":[{"embeddable":true,"href":"https:\/\/aiquos.tech\/es\/wp-json\/wp\/v2\/users\/1"}],"replies":[{"embeddable":true,"href":"https:\/\/aiquos.tech\/es\/wp-json\/wp\/v2\/comments?post=248"}],"version-history":[{"count":19,"href":"https:\/\/aiquos.tech\/es\/wp-json\/wp\/v2\/pages\/248\/revisions"}],"predecessor-version":[{"id":734,"href":"https:\/\/aiquos.tech\/es\/wp-json\/wp\/v2\/pages\/248\/revisions\/734"}],"wp:attachment":[{"href":"https:\/\/aiquos.tech\/es\/wp-json\/wp\/v2\/media?parent=248"}],"curies":[{"name":"wp","href":"https:\/\/api.w.org\/{rel}","templated":true}]}}