{"id":242,"date":"2024-11-11T14:06:59","date_gmt":"2024-11-11T14:06:59","guid":{"rendered":"https:\/\/aiquos.tech\/mercado\/"},"modified":"2025-03-27T18:52:35","modified_gmt":"2025-03-27T18:52:35","slug":"mercado","status":"publish","type":"page","link":"https:\/\/aiquos.tech\/es\/mercado\/","title":{"rendered":"Sectores de aplicaci\u00f3n"},"content":{"rendered":"\n<div class=\"slider-wrapper relative\" id=\"slider-1573361179\" >\n    <div class=\"slider slider-nav-circle slider-nav-large slider-nav-light slider-style-normal\"\n        data-flickity-options='{\n            \"cellAlign\": \"center\",\n            \"imagesLoaded\": true,\n            \"lazyLoad\": 1,\n            \"freeScroll\": false,\n            \"wrapAround\": true,\n            \"autoPlay\": 6000,\n            \"pauseAutoPlayOnHover\" : true,\n            \"prevNextButtons\": true,\n            \"contain\" : true,\n            \"adaptiveHeight\" : true,\n            \"dragThreshold\" : 10,\n            \"percentPosition\": true,\n            \"pageDots\": true,\n            \"rightToLeft\": false,\n            \"draggable\": true,\n            \"selectedAttraction\": 0.1,\n            \"parallax\" : 0,\n            \"friction\": 0.6        }'\n        >\n        \n\n\n  <div class=\"banner has-hover\" id=\"banner-1484209653\">\n          <div class=\"banner-inner fill\">\n        <div class=\"banner-bg fill\" >\n            <img loading=\"lazy\" decoding=\"async\" width=\"1437\" height=\"839\" src=\"https:\/\/aiquos.tech\/wp-content\/uploads\/2024\/11\/Default_a_stylized_photo_of_a_microchip_falling_onto_a_calm_li_0-1.png\" class=\"bg attachment-original size-original\" alt=\"\" \/>                                    \n                    <\/div>\n\t\t\n        <div class=\"banner-layers container\">\n            <div class=\"fill banner-link\"><\/div>            \n\n   <div id=\"text-box-967969465\" class=\"text-box banner-layer x95 md-x100 lg-x100 y90 md-y50 lg-y50 res-text\">\n                                <div class=\"text-box-content text dark\">\n              \n              <div class=\"text-inner text-center\">\n                  \n\n<h1 class=\"uppercase\" style=\"text-align: right;\"><b>Sectores de aplicaci\u00f3n<\/b><\/h1>\n\n              <\/div>\n           <\/div>\n                            \n<style>\n#text-box-967969465 {\n  width: 78%;\n}\n#text-box-967969465 .text-box-content {\n  font-size: 100%;\n}\n@media (min-width:550px) {\n  #text-box-967969465 {\n    width: 60%;\n  }\n}\n<\/style>\n    <\/div>\n \n\n        <\/div>\n      <\/div>\n\n            \n<style>\n#banner-1484209653 {\n  padding-top: 444px;\n}\n#banner-1484209653 .banner-bg img {\n  object-position: 39% 47%;\n}\n@media (min-width:550px) {\n  #banner-1484209653 {\n    padding-top: 444px;\n  }\n}\n<\/style>\n  <\/div>\n\n\n\n     <\/div>\n\n     <div class=\"loading-spin dark large centered\"><\/div>\n\n\t<\/div>\n\n\n\n\t<section class=\"section\" id=\"section_906771305\">\n\t\t<div class=\"section-bg fill\" >\n\t\t\t\t\t\t\t\t\t<div class=\"section-bg-overlay absolute fill\"><\/div>\n\t\t\t\n\n\t\t<\/div>\n\n\t\t\n\n\t\t<div class=\"section-content relative\">\n\t\t\t\n\n<div class=\"row row-large align-middle\"  id=\"row-1451216096\">\n\n\n\t<div id=\"col-296411432\" class=\"col medium-6 small-12 large-6\"  >\n\t\t\t\t<div class=\"col-inner text-left\"  >\n\t\t\t\n\t\t\t\n\n<h2>Acuicultura de precisi\u00f3n<\/h2>\n<ul>\n<li>Optimice la cr\u00eda de pescado y marisco con soluciones avanzadas basadas en IA, mejorando la sostenibilidad, la productividad y la eficiencia de los recursos.<\/li>\n<\/ul>\n<a href=\"https:\/\/aiquos.tech\/es\/acuicultura-de-precision\/\" class=\"button primary\"  >\n\t\t<span>M\u00e1s informaci\u00f3n<\/span>\n\t<\/a>\n\n\n\n\t\t<\/div>\n\t\t\t\t\t<\/div>\n\n\t\n\n\t<div id=\"col-1663633640\" class=\"col medium-6 small-12 large-6\"  >\n\t\t\t\t<div class=\"col-inner\"  >\n\t\t\t\n\t\t\t\n\n\t<div class=\"img has-hover x md-x lg-x y md-y lg-y\" id=\"image_599325516\">\n\t\t\t\t\t\t\t\t<div class=\"img-inner dark\" >\n\t\t\t<img loading=\"lazy\" decoding=\"async\" width=\"650\" height=\"415\" src=\"https:\/\/aiquos.tech\/wp-content\/uploads\/2024\/11\/aiquos-sector-aplication-aquaculture-e1732720806111.jpg\" class=\"attachment-large size-large\" alt=\"\" srcset=\"https:\/\/aiquos.tech\/wp-content\/uploads\/2024\/11\/aiquos-sector-aplication-aquaculture-e1732720806111.jpg 650w, https:\/\/aiquos.tech\/wp-content\/uploads\/2024\/11\/aiquos-sector-aplication-aquaculture-e1732720806111-300x192.jpg 300w\" sizes=\"auto, (max-width: 650px) 100vw, 650px\" \/>\t\t\t\t\t\t\n\t\t\t\t\t<\/div>\n\t\t\t\t\t\t\t\t\n<style>\n#image_599325516 {\n  width: 100%;\n}\n<\/style>\n\t<\/div>\n\t\n\n\n\t\t<\/div>\n\t\t\t\t\t<\/div>\n\n\t\n\n<\/div>\n\n\t\t<\/div>\n\n\t\t\n<style>\n#section_906771305 {\n  padding-top: 60px;\n  padding-bottom: 60px;\n}\n#section_906771305 .section-bg-overlay {\n  background-color: rgba(255, 255, 255, 0.85);\n}\n<\/style>\n\t<\/section>\n\t\n\n\t<section class=\"section\" id=\"section_554300777\">\n\t\t<div class=\"section-bg fill\" >\n\t\t\t\t\t\t\t\t\t<div class=\"section-bg-overlay absolute fill\"><\/div>\n\t\t\t\n\n\t\t<\/div>\n\n\t\t\n\n\t\t<div class=\"section-content relative\">\n\t\t\t\n\n<div class=\"row row-large align-middle\"  id=\"row-827905744\">\n\n\n\t<div id=\"col-2139087196\" class=\"col medium-6 small-12 large-6\"  >\n\t\t\t\t<div class=\"col-inner\"  >\n\t\t\t\n\t\t\t\n\n\t<div class=\"img has-hover x md-x lg-x y md-y lg-y\" id=\"image_1765545892\">\n\t\t\t\t\t\t\t\t<div class=\"img-inner dark\" >\n\t\t\t<img loading=\"lazy\" decoding=\"async\" width=\"650\" height=\"433\" src=\"https:\/\/aiquos.tech\/wp-content\/uploads\/2024\/11\/aiquos-sector-aplication-hydroponics.jpg\" class=\"attachment-large size-large\" alt=\"\" srcset=\"https:\/\/aiquos.tech\/wp-content\/uploads\/2024\/11\/aiquos-sector-aplication-hydroponics.jpg 650w, https:\/\/aiquos.tech\/wp-content\/uploads\/2024\/11\/aiquos-sector-aplication-hydroponics-300x200.jpg 300w\" sizes=\"auto, (max-width: 650px) 100vw, 650px\" \/>\t\t\t\t\t\t\n\t\t\t\t\t<\/div>\n\t\t\t\t\t\t\t\t\n<style>\n#image_1765545892 {\n  width: 100%;\n}\n<\/style>\n\t<\/div>\n\t\n\n\n\t\t<\/div>\n\t\t\t\t\t<\/div>\n\n\t\n\n\t<div id=\"col-1940516613\" class=\"col medium-6 small-12 large-6\"  >\n\t\t\t\t<div class=\"col-inner text-left\"  >\n\t\t\t\n\t\t\t\n\n<h2>Acuapon\u00eda<\/h2>\n<ul>\n<li>Integrando la acuicultura y la hidropon\u00eda para crear ecosistemas sostenibles impulsados por tecnolog\u00edas innovadoras de monitorizaci\u00f3n.<\/li>\n<\/ul>\n<a href=\"https:\/\/aiquos.tech\/es\/acuaponia\/\" class=\"button primary\"  >\n\t\t<span>M\u00e1s informaci\u00f3n<\/span>\n\t<\/a>\n\n\n\n\t\t<\/div>\n\t\t\t\t\t<\/div>\n\n\t\n\n<\/div>\n\n\t\t<\/div>\n\n\t\t\n<style>\n#section_554300777 {\n  padding-top: 60px;\n  padding-bottom: 60px;\n  background-color: rgb(193, 193, 193);\n}\n#section_554300777 .section-bg-overlay {\n  background-color: rgba(255, 255, 255, 0.85);\n}\n<\/style>\n\t<\/section>\n\t\n\n\t<section class=\"section\" id=\"section_2044843715\">\n\t\t<div class=\"section-bg fill\" >\n\t\t\t\t\t\t\t\t\t<div class=\"section-bg-overlay absolute fill\"><\/div>\n\t\t\t\n\n\t\t<\/div>\n\n\t\t\n\n\t\t<div class=\"section-content relative\">\n\t\t\t\n\n<div class=\"row row-large align-middle\"  id=\"row-1081640000\">\n\n\n\t<div id=\"col-2034338229\" class=\"col medium-6 small-12 large-6\"  >\n\t\t\t\t<div class=\"col-inner text-left\"  >\n\t\t\t\n\t\t\t\n\n<h2>Hidropon\u00eda<\/h2>\n<ul>\n<li>Aumente el rendimiento de los cultivos con sistemas de <span class=\"il\">cultivo<\/span> de precisi\u00f3n sin suelo, mejorados con IA en tiempo real y soluciones basadas en sensores.<\/li>\n<\/ul>\n<a href=\"https:\/\/aiquos.tech\/es\/hidroponia\/\" class=\"button primary box-shadow-3\"  >\n\t\t<span>M\u00e1s informaci\u00f3n<\/span>\n\t<\/a>\n\n\n\n\t\t<\/div>\n\t\t\t\t\t<\/div>\n\n\t\n\n\t<div id=\"col-904967963\" class=\"col medium-6 small-12 large-6\"  >\n\t\t\t\t<div class=\"col-inner\"  >\n\t\t\t\n\t\t\t\n\n\t<div class=\"img has-hover x md-x lg-x y md-y lg-y\" id=\"image_965899630\">\n\t\t\t\t\t\t\t\t<div class=\"img-inner dark\" >\n\t\t\t<img loading=\"lazy\" decoding=\"async\" width=\"640\" height=\"427\" src=\"https:\/\/aiquos.tech\/wp-content\/uploads\/2024\/11\/aiquos-sector-aplication-aquaponics.jpg\" class=\"attachment-large size-large\" alt=\"\" srcset=\"https:\/\/aiquos.tech\/wp-content\/uploads\/2024\/11\/aiquos-sector-aplication-aquaponics.jpg 640w, https:\/\/aiquos.tech\/wp-content\/uploads\/2024\/11\/aiquos-sector-aplication-aquaponics-300x200.jpg 300w\" sizes=\"auto, (max-width: 640px) 100vw, 640px\" \/>\t\t\t\t\t\t\n\t\t\t\t\t<\/div>\n\t\t\t\t\t\t\t\t\n<style>\n#image_965899630 {\n  width: 100%;\n}\n<\/style>\n\t<\/div>\n\t\n\n\n\t\t<\/div>\n\t\t\t\t\t<\/div>\n\n\t\n\n<\/div>\n\n\t\t<\/div>\n\n\t\t\n<style>\n#section_2044843715 {\n  padding-top: 60px;\n  padding-bottom: 60px;\n}\n#section_2044843715 .section-bg-overlay {\n  background-color: rgba(255, 255, 255, 0.85);\n}\n<\/style>\n\t<\/section>\n\t\n\n\t<section class=\"section\" id=\"section_352613159\">\n\t\t<div class=\"section-bg fill\" >\n\t\t\t\t\t\t\t\t\t<div class=\"section-bg-overlay absolute fill\"><\/div>\n\t\t\t\n\n\t\t<\/div>\n\n\t\t\n\n\t\t<div class=\"section-content relative\">\n\t\t\t\n\n<div class=\"row row-large align-middle\"  id=\"row-761504103\">\n\n\n\t<div id=\"col-2029632102\" class=\"col medium-6 small-12 large-6\"  >\n\t\t\t\t<div class=\"col-inner\"  >\n\t\t\t\n\t\t\t\n\n\t<div class=\"img has-hover x md-x lg-x y md-y lg-y\" id=\"image_586745791\">\n\t\t\t\t\t\t\t\t<div class=\"img-inner dark\" >\n\t\t\t<img loading=\"lazy\" decoding=\"async\" width=\"650\" height=\"464\" src=\"https:\/\/aiquos.tech\/wp-content\/uploads\/2024\/11\/aiquos-sector-aplication-whater-quality.jpg\" class=\"attachment-large size-large\" alt=\"\" srcset=\"https:\/\/aiquos.tech\/wp-content\/uploads\/2024\/11\/aiquos-sector-aplication-whater-quality.jpg 650w, https:\/\/aiquos.tech\/wp-content\/uploads\/2024\/11\/aiquos-sector-aplication-whater-quality-300x214.jpg 300w\" sizes=\"auto, (max-width: 650px) 100vw, 650px\" \/>\t\t\t\t\t\t\n\t\t\t\t\t<\/div>\n\t\t\t\t\t\t\t\t\n<style>\n#image_586745791 {\n  width: 100%;\n}\n<\/style>\n\t<\/div>\n\t\n\n\n\t\t<\/div>\n\t\t\t\t\t<\/div>\n\n\t\n\n\t<div id=\"col-59947540\" class=\"col medium-6 small-12 large-6\"  >\n\t\t\t\t<div class=\"col-inner text-left\"  >\n\t\t\t\n\t\t\t\n\n<h2>Monitorizaci\u00f3n de la calidad del agua<\/h2>\n<ul>\n<li>Garantice agua limpia y segura mediante tecnolog\u00edas de IA de vanguardia que analizan, predicen y mejoran las condiciones de calidad.<\/li>\n<\/ul>\n<a href=\"https:\/\/aiquos.tech\/es\/control-de-la-calidad-del-agua\/\" class=\"button primary\"  >\n\t\t<span>M\u00e1s informaci\u00f3n<\/span>\n\t<\/a>\n\n\n\n\t\t<\/div>\n\t\t\t\t\t<\/div>\n\n\t\n\n<\/div>\n\n\t\t<\/div>\n\n\t\t\n<style>\n#section_352613159 {\n  padding-top: 60px;\n  padding-bottom: 60px;\n  background-color: rgb(193, 193, 193);\n}\n#section_352613159 .section-bg-overlay {\n  background-color: rgba(255, 255, 255, 0.85);\n}\n<\/style>\n\t<\/section>\n\t\n\n\t<section class=\"section\" id=\"section_187091468\">\n\t\t<div class=\"section-bg fill\" >\n\t\t\t\t\t\t\t\t\t<div class=\"section-bg-overlay absolute fill\"><\/div>\n\t\t\t\n\n\t\t<\/div>\n\n\t\t\n\n\t\t<div class=\"section-content relative\">\n\t\t\t\n\n<div class=\"row row-large align-middle\"  id=\"row-1891983323\">\n\n\n\t<div id=\"col-637671358\" class=\"col medium-6 small-12 large-6\"  >\n\t\t\t\t<div class=\"col-inner text-left\"  >\n\t\t\t\n\t\t\t\n\n<h2>Wearables<\/h2>\n<ul>\n<li>Revolucione el seguimiento personal de la salud con dispositivos port\u00e1tiles de detecci\u00f3n de biofluidos con IA integrada.<\/li>\n<\/ul>\n<a href=\"https:\/\/aiquos.tech\/es\/wearables\/\" class=\"button primary\"  >\n\t\t<span>M\u00e1s informaci\u00f3n<\/span>\n\t<\/a>\n\n\n\n\t\t<\/div>\n\t\t\t\t\t<\/div>\n\n\t\n\n\t<div id=\"col-1665954087\" class=\"col medium-6 small-12 large-6\"  >\n\t\t\t\t<div class=\"col-inner\"  >\n\t\t\t\n\t\t\t\n\n\t<div class=\"img has-hover x md-x lg-x y md-y lg-y\" id=\"image_285979457\">\n\t\t\t\t\t\t\t\t<div class=\"img-inner dark\" >\n\t\t\t<img loading=\"lazy\" decoding=\"async\" width=\"650\" height=\"433\" src=\"https:\/\/aiquos.tech\/wp-content\/uploads\/2024\/12\/Frame-1.jpg\" class=\"attachment-large size-large\" alt=\"\" srcset=\"https:\/\/aiquos.tech\/wp-content\/uploads\/2024\/12\/Frame-1.jpg 650w, https:\/\/aiquos.tech\/wp-content\/uploads\/2024\/12\/Frame-1-300x200.jpg 300w\" sizes=\"auto, (max-width: 650px) 100vw, 650px\" \/>\t\t\t\t\t\t\n\t\t\t\t\t<\/div>\n\t\t\t\t\t\t\t\t\n<style>\n#image_285979457 {\n  width: 100%;\n}\n<\/style>\n\t<\/div>\n\t\n\n\n\t\t<\/div>\n\t\t\t\t\t<\/div>\n\n\t\n\n<\/div>\n\n\t\t<\/div>\n\n\t\t\n<style>\n#section_187091468 {\n  padding-top: 60px;\n  padding-bottom: 60px;\n}\n#section_187091468 .section-bg-overlay {\n  background-color: rgba(255, 255, 255, 0.85);\n}\n<\/style>\n\t<\/section>\n\t\n\n\t<section class=\"section\" id=\"section_2027954691\">\n\t\t<div class=\"section-bg fill\" >\n\t\t\t\t\t\t\t\t\t<div class=\"section-bg-overlay absolute fill\"><\/div>\n\t\t\t\n\n\t\t<\/div>\n\n\t\t\n\n\t\t<div class=\"section-content relative\">\n\t\t\t\n\n<div class=\"row row-large align-middle\"  id=\"row-764233540\">\n\n\n\t<div id=\"col-680656319\" class=\"col medium-6 small-12 large-6\"  >\n\t\t\t\t<div class=\"col-inner\"  >\n\t\t\t\n\t\t\t\n\n\t<div class=\"img has-hover x md-x lg-x y md-y lg-y\" id=\"image_2007613531\">\n\t\t\t\t\t\t\t\t<div class=\"img-inner dark\" >\n\t\t\t<img loading=\"lazy\" decoding=\"async\" width=\"650\" height=\"366\" src=\"https:\/\/aiquos.tech\/wp-content\/uploads\/2024\/11\/aiquos-sector-aplication-farming.jpg\" class=\"attachment-large size-large\" alt=\"\" srcset=\"https:\/\/aiquos.tech\/wp-content\/uploads\/2024\/11\/aiquos-sector-aplication-farming.jpg 650w, https:\/\/aiquos.tech\/wp-content\/uploads\/2024\/11\/aiquos-sector-aplication-farming-300x169.jpg 300w\" sizes=\"auto, (max-width: 650px) 100vw, 650px\" \/>\t\t\t\t\t\t\n\t\t\t\t\t<\/div>\n\t\t\t\t\t\t\t\t\n<style>\n#image_2007613531 {\n  width: 100%;\n}\n<\/style>\n\t<\/div>\n\t\n\n\n\t\t<\/div>\n\t\t\t\t\t<\/div>\n\n\t\n\n\t<div id=\"col-1293967849\" class=\"col medium-6 small-12 large-6\"  >\n\t\t\t\t<div class=\"col-inner text-left\"  >\n\t\t\t\n\t\t\t\n\n<h2>Ganader\u00eda de precisi\u00f3n<\/h2>\n<ul>\n<li>Mejore la salud y la productividad de los animales mediante sensores y an\u00e1lisis de datos basados en IA para unas pr\u00e1cticas ganaderas m\u00e1s inteligentes.<\/li>\n<\/ul>\n<a href=\"https:\/\/aiquos.tech\/es\/ganaderia-de-precision\/\" class=\"button primary\"  >\n\t\t<span>M\u00e1s informaci\u00f3n<\/span>\n\t<\/a>\n\n\n\n\t\t<\/div>\n\t\t\t\t\t<\/div>\n\n\t\n\n<\/div>\n\n\t\t<\/div>\n\n\t\t\n<style>\n#section_2027954691 {\n  padding-top: 60px;\n  padding-bottom: 60px;\n  background-color: rgb(193, 193, 193);\n}\n#section_2027954691 .section-bg-overlay {\n  background-color: rgba(255, 255, 255, 0.85);\n}\n<\/style>\n\t<\/section>\n\t\n\n\t<section class=\"section\" id=\"section_2059834443\">\n\t\t<div class=\"section-bg fill\" >\n\t\t\t\t\t\t\t\t\t<div class=\"section-bg-overlay absolute fill\"><\/div>\n\t\t\t\n\n\t\t<\/div>\n\n\t\t\n\n\t\t<div class=\"section-content relative\">\n\t\t\t\n\n<div class=\"row row-large align-middle\"  id=\"row-1942305749\">\n\n\n\t<div id=\"col-1420807376\" class=\"col medium-6 small-12 large-6\"  >\n\t\t\t\t<div class=\"col-inner text-left\"  >\n\t\t\t\n\t\t\t\n\n<h2>Etiquetas inteligentes<\/h2>\n<ul>\n<li>Transforme el seguimiento de los productos con etiquetas inteligentes dotadas de sensores que ofrecen informaci\u00f3n en tiempo real sobre su calidad y trazabilidad.<\/li>\n<\/ul>\n<p>.<\/p>\n<a href=\"https:\/\/aiquos.tech\/es\/etiquetas-inteligentes\/\" class=\"button primary\"  >\n\t\t<span>M\u00e1s informaci\u00f3n<\/span>\n\t<\/a>\n\n\n\n\t\t<\/div>\n\t\t\t\t\t<\/div>\n\n\t\n\n\t<div id=\"col-536806683\" class=\"col medium-6 small-12 large-6\"  >\n\t\t\t\t<div class=\"col-inner\"  >\n\t\t\t\n\t\t\t\n\n\t<div class=\"img has-hover x md-x lg-x y md-y lg-y\" id=\"image_1811129608\">\n\t\t\t\t\t\t\t\t<div class=\"img-inner dark\" >\n\t\t\t<img loading=\"lazy\" decoding=\"async\" width=\"650\" height=\"433\" src=\"https:\/\/aiquos.tech\/wp-content\/uploads\/2024\/12\/Frame-2.jpg\" class=\"attachment-large size-large\" alt=\"\" srcset=\"https:\/\/aiquos.tech\/wp-content\/uploads\/2024\/12\/Frame-2.jpg 650w, https:\/\/aiquos.tech\/wp-content\/uploads\/2024\/12\/Frame-2-300x200.jpg 300w\" sizes=\"auto, (max-width: 650px) 100vw, 650px\" \/>\t\t\t\t\t\t\n\t\t\t\t\t<\/div>\n\t\t\t\t\t\t\t\t\n<style>\n#image_1811129608 {\n  width: 100%;\n}\n<\/style>\n\t<\/div>\n\t\n\n\n\t\t<\/div>\n\t\t\t\t\t<\/div>\n\n\t\n\n<\/div>\n\n\t\t<\/div>\n\n\t\t\n<style>\n#section_2059834443 {\n  padding-top: 60px;\n  padding-bottom: 60px;\n}\n#section_2059834443 .section-bg-overlay {\n  background-color: rgba(255, 255, 255, 0.85);\n}\n<\/style>\n\t<\/section>\n\t\n\n\t<section class=\"section\" id=\"section_131157955\">\n\t\t<div class=\"section-bg fill\" >\n\t\t\t\t\t\t\t\t\t<div class=\"section-bg-overlay absolute fill\"><\/div>\n\t\t\t\n\n\t\t<\/div>\n\n\t\t\n\n\t\t<div class=\"section-content relative\">\n\t\t\t\n\n<div class=\"row row-large align-middle\"  id=\"row-898544571\">\n\n\n\t<div id=\"col-773176597\" class=\"col medium-6 small-12 large-6\"  >\n\t\t\t\t<div class=\"col-inner\"  >\n\t\t\t\n\t\t\t\n\n\t<div class=\"img has-hover x md-x lg-x y md-y lg-y\" id=\"image_142986044\">\n\t\t\t\t\t\t\t\t<div class=\"img-inner dark\" >\n\t\t\t<img loading=\"lazy\" decoding=\"async\" width=\"650\" height=\"433\" src=\"https:\/\/aiquos.tech\/wp-content\/uploads\/2024\/11\/aiquos-sector-aplication-yield-monitoring.jpg\" class=\"attachment-large size-large\" alt=\"\" srcset=\"https:\/\/aiquos.tech\/wp-content\/uploads\/2024\/11\/aiquos-sector-aplication-yield-monitoring.jpg 650w, https:\/\/aiquos.tech\/wp-content\/uploads\/2024\/11\/aiquos-sector-aplication-yield-monitoring-300x200.jpg 300w\" sizes=\"auto, (max-width: 650px) 100vw, 650px\" \/>\t\t\t\t\t\t\n\t\t\t\t\t<\/div>\n\t\t\t\t\t\t\t\t\n<style>\n#image_142986044 {\n  width: 100%;\n}\n<\/style>\n\t<\/div>\n\t\n\n\n\t\t<\/div>\n\t\t\t\t\t<\/div>\n\n\t\n\n\t<div id=\"col-1062338156\" class=\"col medium-6 small-12 large-6\"  >\n\t\t\t\t<div class=\"col-inner text-left\"  >\n\t\t\t\n\t\t\t\n\n<h2>Controles de rendimiento<\/h2>\n<ul>\n<li>Maximice la producci\u00f3n agr\u00edcola con sistemas avanzados de IA que rastrean y optimizan el rendimiento de los cultivos en tiempo real.<\/li>\n<\/ul>\n<a href=\"https:\/\/aiquos.tech\/es\/control-del-rendimiento\/\" class=\"button primary\"  >\n\t\t<span>M\u00e1s informaci\u00f3n<\/span>\n\t<\/a>\n\n\n\n\t\t<\/div>\n\t\t\t\t\t<\/div>\n\n\t\n\n<\/div>\n\n\t\t<\/div>\n\n\t\t\n<style>\n#section_131157955 {\n  padding-top: 60px;\n  padding-bottom: 60px;\n  background-color: rgb(193, 193, 193);\n}\n#section_131157955 .section-bg-overlay {\n  background-color: rgba(255, 255, 255, 0.85);\n}\n<\/style>\n\t<\/section>\n\t\n\n","protected":false},"excerpt":{"rendered":"","protected":false},"author":1,"featured_media":0,"parent":0,"menu_order":0,"comment_status":"closed","ping_status":"closed","template":"page-blank.php","meta":{"footnotes":""},"class_list":["post-242","page","type-page","status-publish","hentry"],"yoast_head":"<!-- This site is optimized with the Yoast SEO plugin v24.9 - https:\/\/yoast.com\/wordpress\/plugins\/seo\/ -->\n<title>Sectores de aplicaci\u00f3n - AiQUOS<\/title>\n<meta name=\"robots\" content=\"index, follow, max-snippet:-1, max-image-preview:large, max-video-preview:-1\" \/>\n<link rel=\"canonical\" href=\"https:\/\/aiquos.tech\/es\/mercado\/\" \/>\n<meta property=\"og:locale\" content=\"es_ES\" \/>\n<meta property=\"og:type\" content=\"article\" \/>\n<meta property=\"og:title\" content=\"Sectores de aplicaci\u00f3n - AiQUOS\" \/>\n<meta property=\"og:url\" content=\"https:\/\/aiquos.tech\/es\/mercado\/\" \/>\n<meta property=\"og:site_name\" content=\"AiQUOS\" \/>\n<meta property=\"article:modified_time\" content=\"2025-03-27T18:52:35+00:00\" \/>\n<meta name=\"twitter:card\" content=\"summary_large_image\" \/>\n<meta name=\"twitter:label1\" content=\"Tiempo de lectura\" \/>\n\t<meta name=\"twitter:data1\" content=\"3 minutos\" \/>\n<script type=\"application\/ld+json\" class=\"yoast-schema-graph\">{\"@context\":\"https:\/\/schema.org\",\"@graph\":[{\"@type\":\"WebPage\",\"@id\":\"https:\/\/aiquos.tech\/es\/mercado\/\",\"url\":\"https:\/\/aiquos.tech\/es\/mercado\/\",\"name\":\"Sectores de aplicaci\u00f3n - AiQUOS\",\"isPartOf\":{\"@id\":\"https:\/\/aiquos.tech\/es\/#website\"},\"datePublished\":\"2024-11-11T14:06:59+00:00\",\"dateModified\":\"2025-03-27T18:52:35+00:00\",\"breadcrumb\":{\"@id\":\"https:\/\/aiquos.tech\/es\/mercado\/#breadcrumb\"},\"inLanguage\":\"es\",\"potentialAction\":[{\"@type\":\"ReadAction\",\"target\":[\"https:\/\/aiquos.tech\/es\/mercado\/\"]}]},{\"@type\":\"BreadcrumbList\",\"@id\":\"https:\/\/aiquos.tech\/es\/mercado\/#breadcrumb\",\"itemListElement\":[{\"@type\":\"ListItem\",\"position\":1,\"name\":\"Portada\",\"item\":\"https:\/\/aiquos.tech\/es\/\"},{\"@type\":\"ListItem\",\"position\":2,\"name\":\"Sectores de aplicaci\u00f3n\"}]},{\"@type\":\"WebSite\",\"@id\":\"https:\/\/aiquos.tech\/es\/#website\",\"url\":\"https:\/\/aiquos.tech\/es\/\",\"name\":\"AiQUOS\",\"description\":\"Total Fluid analysis Anytime Anywhere\",\"potentialAction\":[{\"@type\":\"SearchAction\",\"target\":{\"@type\":\"EntryPoint\",\"urlTemplate\":\"https:\/\/aiquos.tech\/es\/?s={search_term_string}\"},\"query-input\":{\"@type\":\"PropertyValueSpecification\",\"valueRequired\":true,\"valueName\":\"search_term_string\"}}],\"inLanguage\":\"es\"}]}<\/script>\n<!-- \/ Yoast SEO plugin. -->","yoast_head_json":{"title":"Sectores de aplicaci\u00f3n - AiQUOS","robots":{"index":"index","follow":"follow","max-snippet":"max-snippet:-1","max-image-preview":"max-image-preview:large","max-video-preview":"max-video-preview:-1"},"canonical":"https:\/\/aiquos.tech\/es\/mercado\/","og_locale":"es_ES","og_type":"article","og_title":"Sectores de aplicaci\u00f3n - AiQUOS","og_url":"https:\/\/aiquos.tech\/es\/mercado\/","og_site_name":"AiQUOS","article_modified_time":"2025-03-27T18:52:35+00:00","twitter_card":"summary_large_image","twitter_misc":{"Tiempo de lectura":"3 minutos"},"schema":{"@context":"https:\/\/schema.org","@graph":[{"@type":"WebPage","@id":"https:\/\/aiquos.tech\/es\/mercado\/","url":"https:\/\/aiquos.tech\/es\/mercado\/","name":"Sectores de aplicaci\u00f3n - AiQUOS","isPartOf":{"@id":"https:\/\/aiquos.tech\/es\/#website"},"datePublished":"2024-11-11T14:06:59+00:00","dateModified":"2025-03-27T18:52:35+00:00","breadcrumb":{"@id":"https:\/\/aiquos.tech\/es\/mercado\/#breadcrumb"},"inLanguage":"es","potentialAction":[{"@type":"ReadAction","target":["https:\/\/aiquos.tech\/es\/mercado\/"]}]},{"@type":"BreadcrumbList","@id":"https:\/\/aiquos.tech\/es\/mercado\/#breadcrumb","itemListElement":[{"@type":"ListItem","position":1,"name":"Portada","item":"https:\/\/aiquos.tech\/es\/"},{"@type":"ListItem","position":2,"name":"Sectores de aplicaci\u00f3n"}]},{"@type":"WebSite","@id":"https:\/\/aiquos.tech\/es\/#website","url":"https:\/\/aiquos.tech\/es\/","name":"AiQUOS","description":"Total Fluid analysis Anytime Anywhere","potentialAction":[{"@type":"SearchAction","target":{"@type":"EntryPoint","urlTemplate":"https:\/\/aiquos.tech\/es\/?s={search_term_string}"},"query-input":{"@type":"PropertyValueSpecification","valueRequired":true,"valueName":"search_term_string"}}],"inLanguage":"es"}]}},"_links":{"self":[{"href":"https:\/\/aiquos.tech\/es\/wp-json\/wp\/v2\/pages\/242","targetHints":{"allow":["GET"]}}],"collection":[{"href":"https:\/\/aiquos.tech\/es\/wp-json\/wp\/v2\/pages"}],"about":[{"href":"https:\/\/aiquos.tech\/es\/wp-json\/wp\/v2\/types\/page"}],"author":[{"embeddable":true,"href":"https:\/\/aiquos.tech\/es\/wp-json\/wp\/v2\/users\/1"}],"replies":[{"embeddable":true,"href":"https:\/\/aiquos.tech\/es\/wp-json\/wp\/v2\/comments?post=242"}],"version-history":[{"count":15,"href":"https:\/\/aiquos.tech\/es\/wp-json\/wp\/v2\/pages\/242\/revisions"}],"predecessor-version":[{"id":724,"href":"https:\/\/aiquos.tech\/es\/wp-json\/wp\/v2\/pages\/242\/revisions\/724"}],"wp:attachment":[{"href":"https:\/\/aiquos.tech\/es\/wp-json\/wp\/v2\/media?parent=242"}],"curies":[{"name":"wp","href":"https:\/\/api.w.org\/{rel}","templated":true}]}}